{"id":45,"date":"2016-09-27T09:08:55","date_gmt":"2016-09-27T08:08:55","guid":{"rendered":"http:\/\/sites.univ-tln.fr\/dynqua2017\/?page_id=45"},"modified":"2016-10-28T13:22:30","modified_gmt":"2016-10-28T12:22:30","slug":"comites","status":"publish","type":"page","link":"https:\/\/sites.univ-tln.fr\/dynqua2017\/comites\/","title":{"rendered":"Comit\u00e9s"},"content":{"rendered":"<h2>Comit\u00e9 organisateur\u00a0:<\/h2>\n<p>Le comit\u00e9 d\u2019organisation pour cette rencontre en f\u00e9vrier 2017 est constitu\u00e9 de\u00a0:<\/p>\n<ul>\n<li>Nalini Anantharaman, chaire de math\u00e9matique \u00e0 l\u2019USIAS, membre de l\u2019IRMA.<\/li>\n<li>Jean-Marie Barbaroux, professeur des universit\u00e9s, CPT, universit\u00e9 de Toulon (organisateur local).<\/li>\n<li>Jean-Marc Bouclet, professeur des universit\u00e9s, institut de math\u00e9matiques de Toulouse, universit\u00e9 Paul Sabatier.<\/li>\n<li>Philippe Briet, professeur des universit\u00e9s, CPT, universit\u00e9 de Toulon (organisateur local)<\/li>\n<li>Beno\u00eet Dou\u00e7ot, directeur de recherche, UPMC.<\/li>\n<li>Fr\u00e9d\u00e9ric H\u00e9rau, professeur des universit\u00e9s, laboratoire Jean Leray, universit\u00e9 de Nantes.<\/li>\n<li>Claude-Alain Pillet, professeur des universit\u00e9s, CPT, universit\u00e9 de Toulon (organisateur local)<\/li>\n<\/ul>\n<h2>Comit\u00e9 scientifique\u00a0:<\/h2>\n<p><strong>Experts fran\u00e7ais du comit\u00e9 scientifique\u00a0:<\/strong><\/p>\n<p>\u2013\u00a0\u00a0 \u00a0Nalini Anantharaman (Strasbourg) transport, chaos quantique, analyse semiclassique<br \/>\n\u2013\u00a0\u00a0 \u00a0Jean-Marc Bouclet (Toulouse) scattering g\u00e9om\u00e9trique, analyse microlocale<br \/>\n\u2013\u00a0\u00a0 \u00a0Vincent Bruneau (Bordeaux) th\u00e9orie de la diffusion, r\u00e9sonances, analyse semi-classique<br \/>\n\u2013\u00a0\u00a0 \u00a0Eric Canc\u00e8s (Ecole des Ponts et Chauss\u00e9es) analyse appliqu\u00e9e EDP, physique atomique et mo\u00e9culaire<br \/>\n\u2013\u00a0\u00a0 \u00a0Stephan De Bi\u00e8vre (Lille) chaos quantique, transport, syst\u00e8mes ouverts<br \/>\n\u2013\u00a0\u00a0 \u00a0Benoit Dou\u00e7ot (UPMC) supraconductivit\u00e9, information quantique<br \/>\n\u2013\u00a0\u00a0 \u00a0Maria Esteban (Dauphine) m\u00e9thodes variationnelles, in\u00e9galit\u00e9es fonctionnelles, \u00e9quations non lin\u00e9aires<br \/>\n\u2013\u00a0\u00a0 \u00a0Bertrand Georgeot (Toulouse) chaos classique et quantique, information quantique, simulation quantique<br \/>\n\u2013\u00a0\u00a0 \u00a0Fr\u00e9d\u00e9ric H\u00e9rau (Nantes) analyse semi-classique, m\u00e9canique statistique hors \u00e9quilibre<br \/>\n\u2013\u00a0\u00a0 \u00a0Hans Jauslin (Dijon) syst\u00e8mes quantiques non lin\u00e9aires, contr\u00f4le<br \/>\n\u2013\u00a0\u00a0 \u00a0Alain Joye (Grenoble) dynamique mol\u00e9culaire, syst\u00e8mes ouverts, transport<br \/>\n\u2013\u00a0\u00a0 \u00a0Amaury Mouchet (Tours) chaos quantique, analyse semiclassique<br \/>\n\u2013\u00a0\u00a0 \u00a0Jean-Philippe Nicolas (Brest) th\u00e9orie math\u00e9matique de la relativit\u00e9<br \/>\n\u2013\u00a0\u00a0 \u00a0St\u00e9phane Nonnenmacher (Orsay) chaos quantique, analyse semiclassique<br \/>\n\u2013\u00a0\u00a0 \u00a0Claude Alain Pillet (Marseille-Toulon) m\u00e9canique statistique hors \u00e9quilibre, syst\u00e8mes ouverts, transport<br \/>\n\u2013\u00a0\u00a0 \u00a0Sylvia Serfaty (LJLL, Paris) physique atomique et mol\u00e9culaire, Ginzburg-Landau<br \/>\n\u2013\u00a0\u00a0 \u00a0Dominique Spehner (Grenoble) information quantique, d\u00e9coh\u00e9rence, gaz d\u2019atomes froids<br \/>\n\u2013\u00a0\u00a0 \u00a0San Vu Ngoc (Rennes) analyse microlocale, analyse globale, syst\u00e8mes int\u00e9grables<\/p>\n<p><strong>Experts \u00e9trangers du comit\u00e9 scientifique\u00a0:<\/strong><\/p>\n<p>\u2013\u00a0\u00a0 \u00a0Shu Nakamura (Tokyo) analyse microlocale, th\u00e9orie de la diffusion, op\u00e9rateurs de Schr\u00f6dinger al\u00e9atoires<br \/>\n\u2013\u00a0\u00a0 \u00a0Martin Hairer (Warwick) Equation aux d\u00e9riv\u00e9es partielles stochastiques, m\u00e9canique statistique hors \u00e9quilibre<br \/>\n\u2013\u00a0\u00a0 \u00a0Jonathan Keeling (Saint Andrews University, Scotland) dynamique hors \u00e9quilibre dans les syst\u00e8mes lumi\u00e8re-mati\u00e8re fortement coupl\u00e9s<br \/>\n\u2013\u00a0\u00a0 \u00a0Austin Lamacraft (Cambridge, UK) dynamique hors \u00e9quilibre dans les syst\u00e8mes d\u2019atomes froids<br \/>\n\u2013\u00a0\u00a0 \u00a0Benjamin Schlein (Zurich) matrices al\u00e9atoires, \u00e9quation de Schr\u00f6dinger non lin\u00e9aire, limite de champ moyen, th\u00e9orie de la diffusion<br \/>\n\u2013\u00a0\u00a0 \u00a0Roman Schubert (Bristol) transport, chaos quantique<br \/>\n\u2013\u00a0\u00a0 \u00a0Svetlana Jitomirskaya (UC Irvine) localisation d\u2019Anderson, syst\u00e8mes dynamiques<br \/>\n\u2013\u00a0\u00a0 \u00a0Simone Warzel (Munich) Syst\u00e8mes d\u00e9sordonn\u00e9s<\/p>\n","protected":false},"excerpt":{"rendered":"<p>Comit\u00e9 organisateur\u00a0: Le comit\u00e9 d\u2019organisation pour cette rencontre en f\u00e9vrier 2017 est constitu\u00e9 de\u00a0: Nalini Anantharaman, chaire de math\u00e9matique \u00e0 l\u2019USIAS, membre de l\u2019IRMA. Jean-Marie Barbaroux, professeur des universit\u00e9s, CPT, universit\u00e9 de Toulon (organisateur local). Jean-Marc Bouclet, professeur des universit\u00e9s, institut de math\u00e9matiques de Toulouse, universit\u00e9 Paul Sabatier. Philippe Briet, professeur des universit\u00e9s, CPT, universit\u00e9 [&hellip;]<\/p>\n","protected":false},"author":1,"featured_media":0,"parent":0,"menu_order":0,"comment_status":"closed","ping_status":"closed","template":"","meta":{"ngg_post_thumbnail":0,"footnotes":""},"class_list":["post-45","page","type-page","status-publish","hentry"],"_links":{"self":[{"href":"https:\/\/sites.univ-tln.fr\/dynqua2017\/wp-json\/wp\/v2\/pages\/45","targetHints":{"allow":["GET"]}}],"collection":[{"href":"https:\/\/sites.univ-tln.fr\/dynqua2017\/wp-json\/wp\/v2\/pages"}],"about":[{"href":"https:\/\/sites.univ-tln.fr\/dynqua2017\/wp-json\/wp\/v2\/types\/page"}],"author":[{"embeddable":true,"href":"https:\/\/sites.univ-tln.fr\/dynqua2017\/wp-json\/wp\/v2\/users\/1"}],"replies":[{"embeddable":true,"href":"https:\/\/sites.univ-tln.fr\/dynqua2017\/wp-json\/wp\/v2\/comments?post=45"}],"version-history":[{"count":4,"href":"https:\/\/sites.univ-tln.fr\/dynqua2017\/wp-json\/wp\/v2\/pages\/45\/revisions"}],"predecessor-version":[{"id":85,"href":"https:\/\/sites.univ-tln.fr\/dynqua2017\/wp-json\/wp\/v2\/pages\/45\/revisions\/85"}],"wp:attachment":[{"href":"https:\/\/sites.univ-tln.fr\/dynqua2017\/wp-json\/wp\/v2\/media?parent=45"}],"curies":[{"name":"wp","href":"https:\/\/api.w.org\/{rel}","templated":true}]}}