{"id":39,"date":"2016-09-19T15:25:27","date_gmt":"2016-09-19T14:25:27","guid":{"rendered":"http:\/\/sites.univ-tln.fr\/dynqua2017\/?page_id=39"},"modified":"2017-01-31T07:57:45","modified_gmt":"2017-01-31T06:57:45","slug":"partenaires","status":"publish","type":"page","link":"https:\/\/sites.univ-tln.fr\/dynqua2017\/partenaires\/","title":{"rendered":"Partenaires"},"content":{"rendered":"<p>Le 9\u00e8me colloque du GDR DynQua a b\u00e9n\u00e9fici\u00e9 du soutien des organisations suivantes<\/p>\n<p><img loading=\"lazy\" decoding=\"async\" class=\"alignnone wp-image-51\" src=\"http:\/\/sites.univ-tln.fr\/dynqua2017\/wp-content\/uploads\/sites\/11\/2016\/09\/logo-cpt.jpg\" alt=\"logo-cpt\" width=\"124\" height=\"99\" \/> \u00a0\u00a0 <a href=\"http:\/\/www.math.sciences.univ-nantes.fr\/dynqua\/\"><img loading=\"lazy\" decoding=\"async\" class=\"alignnone wp-image-70\" src=\"http:\/\/sites.univ-tln.fr\/dynqua2017\/wp-content\/uploads\/sites\/11\/2016\/10\/logo_dynqua.jpg\" alt=\"logo_dynqua\" width=\"121\" height=\"117\" \/>  <img loading=\"lazy\" decoding=\"async\" class=\"alignnone wp-image-71\" src=\"http:\/\/sites.univ-tln.fr\/dynqua2017\/wp-content\/uploads\/sites\/11\/2016\/10\/logo_cnrs-296x300.png\" alt=\"logo_cnrs\" width=\"98\" height=\"100\" srcset=\"https:\/\/sites.univ-tln.fr\/dynqua2017\/wp-content\/uploads\/sites\/11\/2016\/10\/logo_cnrs-296x300.png 296w, https:\/\/sites.univ-tln.fr\/dynqua2017\/wp-content\/uploads\/sites\/11\/2016\/10\/logo_cnrs.png 474w\" sizes=\"auto, (max-width: 98px) 100vw, 98px\" \/>  <img loading=\"lazy\" decoding=\"async\" class=\"alignnone size-medium wp-image-69\" src=\"http:\/\/sites.univ-tln.fr\/dynqua2017\/wp-content\/uploads\/sites\/11\/2016\/10\/logo_labex-300x129.jpg\" alt=\"logo_labex\" width=\"300\" height=\"129\" srcset=\"https:\/\/sites.univ-tln.fr\/dynqua2017\/wp-content\/uploads\/sites\/11\/2016\/10\/logo_labex-300x129.jpg 300w, https:\/\/sites.univ-tln.fr\/dynqua2017\/wp-content\/uploads\/sites\/11\/2016\/10\/logo_labex-624x267.jpg 624w, https:\/\/sites.univ-tln.fr\/dynqua2017\/wp-content\/uploads\/sites\/11\/2016\/10\/logo_labex.jpg 700w\" sizes=\"auto, (max-width: 300px) 100vw, 300px\" \/>  <img loading=\"lazy\" decoding=\"async\" class=\"alignnone wp-image-79\" src=\"http:\/\/sites.univ-tln.fr\/dynqua2017\/wp-content\/uploads\/sites\/11\/2016\/10\/logo_frumam.jpg\" alt=\"logo_frumam\" width=\"71\" height=\"72\" \/><\/a><\/p>\n<p><img loading=\"lazy\" decoding=\"async\" class=\"alignnone wp-image-77\" src=\"http:\/\/sites.univ-tln.fr\/dynqua2017\/wp-content\/uploads\/sites\/11\/2016\/10\/logo_large_UTLN-300x88.jpg\" alt=\"logo_large_UTLN\" width=\"245\" height=\"72\" srcset=\"https:\/\/sites.univ-tln.fr\/dynqua2017\/wp-content\/uploads\/sites\/11\/2016\/10\/logo_large_UTLN-300x88.jpg 300w, https:\/\/sites.univ-tln.fr\/dynqua2017\/wp-content\/uploads\/sites\/11\/2016\/10\/logo_large_UTLN-624x182.jpg 624w, https:\/\/sites.univ-tln.fr\/dynqua2017\/wp-content\/uploads\/sites\/11\/2016\/10\/logo_large_UTLN.jpg 685w\" sizes=\"auto, (max-width: 245px) 100vw, 245px\" \/><\/p>\n","protected":false},"excerpt":{"rendered":"<p>Le 9\u00e8me colloque du GDR DynQua a b\u00e9n\u00e9fici\u00e9 du soutien des organisations suivantes \u00a0\u00a0<\/p>\n","protected":false},"author":1,"featured_media":0,"parent":0,"menu_order":0,"comment_status":"closed","ping_status":"closed","template":"","meta":{"ngg_post_thumbnail":0,"footnotes":""},"class_list":["post-39","page","type-page","status-publish","hentry"],"_links":{"self":[{"href":"https:\/\/sites.univ-tln.fr\/dynqua2017\/wp-json\/wp\/v2\/pages\/39","targetHints":{"allow":["GET"]}}],"collection":[{"href":"https:\/\/sites.univ-tln.fr\/dynqua2017\/wp-json\/wp\/v2\/pages"}],"about":[{"href":"https:\/\/sites.univ-tln.fr\/dynqua2017\/wp-json\/wp\/v2\/types\/page"}],"author":[{"embeddable":true,"href":"https:\/\/sites.univ-tln.fr\/dynqua2017\/wp-json\/wp\/v2\/users\/1"}],"replies":[{"embeddable":true,"href":"https:\/\/sites.univ-tln.fr\/dynqua2017\/wp-json\/wp\/v2\/comments?post=39"}],"version-history":[{"count":8,"href":"https:\/\/sites.univ-tln.fr\/dynqua2017\/wp-json\/wp\/v2\/pages\/39\/revisions"}],"predecessor-version":[{"id":171,"href":"https:\/\/sites.univ-tln.fr\/dynqua2017\/wp-json\/wp\/v2\/pages\/39\/revisions\/171"}],"wp:attachment":[{"href":"https:\/\/sites.univ-tln.fr\/dynqua2017\/wp-json\/wp\/v2\/media?parent=39"}],"curies":[{"name":"wp","href":"https:\/\/api.w.org\/{rel}","templated":true}]}}