{"id":34,"date":"2016-09-19T15:21:01","date_gmt":"2016-09-19T14:21:01","guid":{"rendered":"http:\/\/sites.univ-tln.fr\/dynqua2017\/?page_id=34"},"modified":"2017-01-27T12:47:00","modified_gmt":"2017-01-27T11:47:00","slug":"hebergement","status":"publish","type":"page","link":"https:\/\/sites.univ-tln.fr\/dynqua2017\/hebergement\/","title":{"rendered":"H\u00e9bergement"},"content":{"rendered":"<p>Listes des h\u00f4tels :<br \/>\n(voir localisation sur ce <a href=\"http:\/\/sites.univ-tln.fr\/dynqua2017\/wp-content\/uploads\/sites\/11\/2016\/10\/carte-hotels-toulon.pdf\">plan<\/a>)<\/p>\n<p><b>Grand H\u00f4tel Dauphin\u00e9 ***<\/b><br \/>\n10, rue Berthelot \u2013 Toulon Centre Ville (5 min \u00e0 pied de la conf\u00e9rence)<br \/>\nProche Op\u00e9ra, Port de Plaisance, March\u00e9 Proven\u00e7al, Palais des Congr\u00e8s.<br \/>\n2 chemin\u00e9es Logis de France \/ Contact h\u00f4tel<br \/>\nC\u00e9l\u00e8bre h\u00f4tel toulonnais au c\u0153ur du centre historique pi\u00e9tonnier. Maison chaleureuse et accueillante.<br \/>\n<a href=\"http:\/\/www.grandhoteldauphine.com\">www.grandhoteldauphine.com<\/a><\/p>\n<p><b>Grand H\u00f4tel de la Gare ***<\/b><br \/>\n14, bd de Tess\u00e9 \u2013 Toulon Centre (12 min \u00e0 pied de la conf\u00e9rence)<br \/>\nProche gares SNCF et Routi\u00e8res, Centre historique, Arsenal.<br \/>\nCet h\u00f4tel confortable et chaleureux est situ\u00e9 en face de la gare SNCF, dans le centre ville. Vous serez accueilli par une \u00e9quipe dynamique qui se fera un plaisir de vous renseigner pour visiter Toulon et sa r\u00e9gion.<br \/>\n<a href=\"http:\/\/www.grandhotelgare.com\">www.grandhotelgare.com<\/a><\/p>\n<p><b>Ibis Style ***<\/b><br \/>\nPlace Besagne, 83000 Toulon Centre Ville (3 min \u00e0 pied de la conf\u00e9rence)<br \/>\nAu centre ville de Toulon \u00e0 deux pas du campus de la Porte d\u2019Italie et du port, l\u2019h\u00f4tel Ibis propose 139 chambres climatis\u00e9es. Parking ferm\u00e9 sous surveillance vid\u00e9o.<br \/>\n<a href=\"http:\/\/www.accorhotels.com\/fr\/hotel-2095-ibis-styles-toulon-centre-congres\/index.shtml\">Ibis Style<\/a><\/p>\n<p><b>Celenya H\u00f4tel **<\/b><br \/>\n7bis, rue de Chabannes \u2013 Toulon Centre Ville (10 min \u00e0 pied de la conf\u00e9rence)<br \/>\nProche des gares SNCF et routi\u00e8re, du Z\u00e9nith Omega, du port. Au c\u0153ur de Toulon, donnant sur la magnifique place de la Libert\u00e9, l\u2019\u00e9quipe du Celenya H\u00f4tel a le plaisir de vous accueillir dans l\u2019une de ses 29 chambres climatis\u00e9es<br \/>\n<a href=\"http:\/\/www.hotel-celenya-toulon.com\">www.hotel-celenya-toulon.com<\/a><\/p>\n<p><b>H\u00f4tel Bonaparte **<\/b><br \/>\n16, rue Anatole France \u2013 Toulon Centre Ville (10 min \u00e0 pied de la conf\u00e9rence)<br \/>\nPlace d\u2019Armes, proximit\u00e9 du port et de la base navale<br \/>\nPossibilit\u00e9 de navette gare ou a\u00e9roport \/ h\u00f4tel sur r\u00e9servation<br \/>\nEnti\u00e8rement r\u00e9nov\u00e9, chambres de tr\u00e8s bon confort, vue imprenable sur la place d\u2019Armes.<br \/>\n<a href=\"http:\/\/www.hotel-bonaparte.com\">www.hotel-bonaparte.com<\/a><\/p>\n<p><b>Little Palace **<\/b><br \/>\n6, rue Berthelot \u2013 Toulon Centre Ville (5 min \u00e0 pied de la conf\u00e9rence)<br \/>\nProche Op\u00e9ra, Port, Palais des Congr\u00e8s, March\u00e9 de Provence<br \/>\nPossibilit\u00e9 de navette gare ou a\u00e9roport\/h\u00f4tel sur r\u00e9servation. Situation centrale.<br \/>\nChambres de tr\u00e8s bon confort \u00e9l\u00e9gamment d\u00e9cor\u00e9es aux couleurs de la Provence.<br \/>\n<a href=\"http:\/\/www.hotel-littlepalace.com\">www.hotel-littlepalace.com<\/a><\/p>\n<p><b>Ibis Budget**<\/b><br \/>\n200, avenue Franklin Roosevelt &#8211; 83000 &#8211; Toulon Centre Ville (3 mn \u00e0 pied de la conf\u00e9rence)<br \/>\nR\u00e9nov\u00e9 courant 2012, situ\u00e9 au c\u0153ur de la ville, \u00e0 200 m\u00e8tres du port et du campus de Toulon Porte d\u2019Italie, l\u2019h\u00f4tel Ibis Budget est \u00e9galement \u00e0 1,5km des gares SNCF et routi\u00e8re. Il propose 133 chambres et un parking couvert.<br \/>\n<a href=\"http:\/\/www.ibis.com\/fr\/hotel-5096-ibis-budget-toulon-centre\/index.shtml\">Ibis Budget<\/a><br \/>\nPlus d\u2019h\u00f4tels sur <a href=\"http:\/\/toulontourisme.com\">http:\/\/toulontourisme.com<\/a><\/p>\n","protected":false},"excerpt":{"rendered":"<p>Listes des h\u00f4tels : (voir localisation sur ce plan) Grand H\u00f4tel Dauphin\u00e9 *** 10, rue Berthelot \u2013 Toulon Centre Ville (5 min \u00e0 pied de la conf\u00e9rence) Proche Op\u00e9ra, Port de Plaisance, March\u00e9 Proven\u00e7al, Palais des Congr\u00e8s. 2 chemin\u00e9es Logis de France \/ Contact h\u00f4tel C\u00e9l\u00e8bre h\u00f4tel toulonnais au c\u0153ur du centre historique pi\u00e9tonnier. Maison [&hellip;]<\/p>\n","protected":false},"author":1,"featured_media":0,"parent":0,"menu_order":0,"comment_status":"closed","ping_status":"closed","template":"","meta":{"ngg_post_thumbnail":0,"footnotes":""},"class_list":["post-34","page","type-page","status-publish","hentry"],"_links":{"self":[{"href":"https:\/\/sites.univ-tln.fr\/dynqua2017\/wp-json\/wp\/v2\/pages\/34","targetHints":{"allow":["GET"]}}],"collection":[{"href":"https:\/\/sites.univ-tln.fr\/dynqua2017\/wp-json\/wp\/v2\/pages"}],"about":[{"href":"https:\/\/sites.univ-tln.fr\/dynqua2017\/wp-json\/wp\/v2\/types\/page"}],"author":[{"embeddable":true,"href":"https:\/\/sites.univ-tln.fr\/dynqua2017\/wp-json\/wp\/v2\/users\/1"}],"replies":[{"embeddable":true,"href":"https:\/\/sites.univ-tln.fr\/dynqua2017\/wp-json\/wp\/v2\/comments?post=34"}],"version-history":[{"count":6,"href":"https:\/\/sites.univ-tln.fr\/dynqua2017\/wp-json\/wp\/v2\/pages\/34\/revisions"}],"predecessor-version":[{"id":156,"href":"https:\/\/sites.univ-tln.fr\/dynqua2017\/wp-json\/wp\/v2\/pages\/34\/revisions\/156"}],"wp:attachment":[{"href":"https:\/\/sites.univ-tln.fr\/dynqua2017\/wp-json\/wp\/v2\/media?parent=34"}],"curies":[{"name":"wp","href":"https:\/\/api.w.org\/{rel}","templated":true}]}}