{"id":28,"date":"2016-09-19T15:19:41","date_gmt":"2016-09-19T14:19:41","guid":{"rendered":"http:\/\/sites.univ-tln.fr\/dynqua2017\/?page_id=28"},"modified":"2017-02-21T07:31:27","modified_gmt":"2017-02-21T06:31:27","slug":"programme","status":"publish","type":"page","link":"https:\/\/sites.univ-tln.fr\/dynqua2017\/programme\/","title":{"rendered":"Programme"},"content":{"rendered":"<p>Le colloque d\u00e9butera le mercredi 22 f\u00e9vrier \u00e0 13h30 et se terminera le vendredi 24 f\u00e9vrier \u00e0 12h30.<\/p>\n<p>T\u00e9l\u00e9charger le <a href=\"http:\/\/sites.univ-tln.fr\/dynqua2017\/wp-content\/uploads\/sites\/11\/2017\/02\/programme_GDR_v4.pdf\">PROGRAMME<\/a><\/p>\n","protected":false},"excerpt":{"rendered":"<p>Le colloque d\u00e9butera le mercredi 22 f\u00e9vrier \u00e0 13h30 et se terminera le vendredi 24 f\u00e9vrier \u00e0 12h30. T\u00e9l\u00e9charger le PROGRAMME<\/p>\n","protected":false},"author":1,"featured_media":0,"parent":0,"menu_order":0,"comment_status":"closed","ping_status":"closed","template":"","meta":{"ngg_post_thumbnail":0,"footnotes":""},"class_list":["post-28","page","type-page","status-publish","hentry"],"_links":{"self":[{"href":"https:\/\/sites.univ-tln.fr\/dynqua2017\/wp-json\/wp\/v2\/pages\/28","targetHints":{"allow":["GET"]}}],"collection":[{"href":"https:\/\/sites.univ-tln.fr\/dynqua2017\/wp-json\/wp\/v2\/pages"}],"about":[{"href":"https:\/\/sites.univ-tln.fr\/dynqua2017\/wp-json\/wp\/v2\/types\/page"}],"author":[{"embeddable":true,"href":"https:\/\/sites.univ-tln.fr\/dynqua2017\/wp-json\/wp\/v2\/users\/1"}],"replies":[{"embeddable":true,"href":"https:\/\/sites.univ-tln.fr\/dynqua2017\/wp-json\/wp\/v2\/comments?post=28"}],"version-history":[{"count":9,"href":"https:\/\/sites.univ-tln.fr\/dynqua2017\/wp-json\/wp\/v2\/pages\/28\/revisions"}],"predecessor-version":[{"id":207,"href":"https:\/\/sites.univ-tln.fr\/dynqua2017\/wp-json\/wp\/v2\/pages\/28\/revisions\/207"}],"wp:attachment":[{"href":"https:\/\/sites.univ-tln.fr\/dynqua2017\/wp-json\/wp\/v2\/media?parent=28"}],"curies":[{"name":"wp","href":"https:\/\/api.w.org\/{rel}","templated":true}]}}