{"id":13,"date":"2016-09-19T15:04:54","date_gmt":"2016-09-19T14:04:54","guid":{"rendered":"http:\/\/sites.univ-tln.fr\/dynqua2017\/?page_id=13"},"modified":"2017-02-23T08:15:02","modified_gmt":"2017-02-23T07:15:02","slug":"presentation","status":"publish","type":"page","link":"https:\/\/sites.univ-tln.fr\/dynqua2017\/","title":{"rendered":"Pr\u00e9sentation"},"content":{"rendered":"<h1 style=\"text-align: center\">9\u00e8me rencontre du <a href=\"http:\/\/www.math.sciences.univ-nantes.fr\/dynqua\/\">GDR Dynamique Quantique<\/a><\/h1>\n<p style=\"text-align: center\">22-24 F\u00e9vrier 2017 &#8211; Universit\u00e9 de Toulon<\/p>\n<p align=\"JUSTIFY\">Le GDR <a href=\"http:\/\/www.math.sciences.univ-nantes.fr\/dynqua\/\">DYNQUA<\/a> permet de promouvoir les \u00e9changes internationaux et les collaborations scientifiques autour des probl\u00e8mes de dynamique quantique \u00e0 l\u2019interface Math\u00e9matiques\/Physique, et de promouvoir ce champ de recherche aupr\u00e8s des jeunes chercheurs.<\/p>\n<p align=\"JUSTIFY\">Ces rencontres sont l\u2019occasion de favoriser les \u00e9changes scientifiques entre les doctorants, les postdoctorants et les membres des 35 laboratoires concern\u00e9s par le GDR DYNQUA.<\/p>\n<p align=\"LEFT\"><strong>Liste des orateurs\u00a0:<\/strong><\/p>\n<ul>\n<li>Zied AMMARI (IRMAR, Rennes)<\/li>\n<li>Sven BACHMANN (LMU, Munich)<\/li>\n<li>Ibtissem BEN A\u00cfCHA (Universit\u00e9 de Tunis, El Manar)<\/li>\n<li>Jean-Bernard BRU (Ikerbasque et BCAM UPV, Bilbao)<\/li>\n<li>Laurent BRUNEAU (AGM, Cergy)<\/li>\n<li>David CARPENTIER (Laboratoire de Physique ENS Lyon)<\/li>\n<li>J\u00e9r\u00e9my FAUPIN (Institut \u00c9lie Cartan de Lorraine, Metz)<\/li>\n<li>Damien GOBIN (Mc Gill University, Montr\u00e9al)<\/li>\n<li>Guillaume IDELON-RITON (Regensburg Universit\u00e4t)<\/li>\n<li>Loic HENRIET (CPHT, \u00c9cole Polytechnique)<\/li>\n<li>Maxime INGREMEAU (Orsay)<\/li>\n<li>Thomas KRAJEWSKI (CPT, Marseille)<\/li>\n<li>Lo&iuml;c LE TREUST (I2M, AMU, Marseille)<\/li>\n<li>Mokdad MOKDAD (LMBA, Brest)<\/li>\n<li>St\u00e9phane NONNENMACHER (Orsay)<\/li>\n<li>Konstantin PANKRASHKIN (Orsay)<\/li>\n<li>Oph\u00e9lie ROUBY (Grupo de Ph&iacute;sica Matem&aacute;tica, Universidade de Lisboa)<\/li>\n<\/ul>\n<p>&nbsp;<\/p>\n","protected":false},"excerpt":{"rendered":"<p>9\u00e8me rencontre du GDR Dynamique Quantique 22-24 F\u00e9vrier 2017 &#8211; Universit\u00e9 de Toulon Le GDR DYNQUA permet de promouvoir les \u00e9changes internationaux et les collaborations scientifiques autour des probl\u00e8mes de dynamique quantique \u00e0 l\u2019interface Math\u00e9matiques\/Physique, et de promouvoir ce champ de recherche aupr\u00e8s des jeunes chercheurs. Ces rencontres sont l\u2019occasion de favoriser les \u00e9changes scientifiques [&hellip;]<\/p>\n","protected":false},"author":1,"featured_media":0,"parent":0,"menu_order":0,"comment_status":"closed","ping_status":"closed","template":"","meta":{"ngg_post_thumbnail":0,"footnotes":""},"class_list":["post-13","page","type-page","status-publish","hentry"],"_links":{"self":[{"href":"https:\/\/sites.univ-tln.fr\/dynqua2017\/wp-json\/wp\/v2\/pages\/13","targetHints":{"allow":["GET"]}}],"collection":[{"href":"https:\/\/sites.univ-tln.fr\/dynqua2017\/wp-json\/wp\/v2\/pages"}],"about":[{"href":"https:\/\/sites.univ-tln.fr\/dynqua2017\/wp-json\/wp\/v2\/types\/page"}],"author":[{"embeddable":true,"href":"https:\/\/sites.univ-tln.fr\/dynqua2017\/wp-json\/wp\/v2\/users\/1"}],"replies":[{"embeddable":true,"href":"https:\/\/sites.univ-tln.fr\/dynqua2017\/wp-json\/wp\/v2\/comments?post=13"}],"version-history":[{"count":26,"href":"https:\/\/sites.univ-tln.fr\/dynqua2017\/wp-json\/wp\/v2\/pages\/13\/revisions"}],"predecessor-version":[{"id":208,"href":"https:\/\/sites.univ-tln.fr\/dynqua2017\/wp-json\/wp\/v2\/pages\/13\/revisions\/208"}],"wp:attachment":[{"href":"https:\/\/sites.univ-tln.fr\/dynqua2017\/wp-json\/wp\/v2\/media?parent=13"}],"curies":[{"name":"wp","href":"https:\/\/api.w.org\/{rel}","templated":true}]}}