{"id":46,"date":"2017-10-09T19:03:51","date_gmt":"2017-10-09T17:03:51","guid":{"rendered":"http:\/\/sites.univ-tln.fr\/cper\/?page_id=46"},"modified":"2022-03-30T14:06:53","modified_gmt":"2022-03-30T12:06:53","slug":"financement-du-projet-iut-renove","status":"publish","type":"page","link":"https:\/\/sites.univ-tln.fr\/cper\/financement-du-projet-iut-renove\/","title":{"rendered":"Financement du projet IUT RENOV"},"content":{"rendered":"\n<p>Le projet IUT RENOV s\u2019inscrit dans le contrat de plan \u00c9tat R\u00e9gion (CPER) 2015-2020.&nbsp;&nbsp; Le co\u00fbt total du projet s\u2019\u00e9l\u00e8ve \u00e0 18 millions d\u2019euros financ\u00e9s par :<\/p>\n\n\n\n<ul class=\"wp-block-list\"><li>l\u2019\u00c9tat (5M\u20ac),<\/li><li>France Relance (4M\u20ac)<\/li><li>La R\u00e9gion Provence Alpes C\u00f4te d\u2019Azur (3,5M\u20ac),<\/li><li>Le D\u00e9partement du Var (2,25M\u20ac),<\/li><li>La M\u00e9tropole Toulon Provence M\u00e9diterran\u00e9e (2,25M\u20ac).<\/li><li>L\u2019Universit\u00e9 de Toulon (1M\u20ac).&nbsp;&nbsp;<\/li><\/ul>\n\n\n\n<p>L\u2019Universit\u00e9 de Toulon assure la ma\u00eetrise d\u2019ouvrage du projet.<\/p>\n\n\n\n<figure class=\"wp-block-image size-full\"><img loading=\"lazy\" decoding=\"async\" width=\"683\" height=\"473\" src=\"https:\/\/sites.univ-tln.fr\/cper\/wp-content\/uploads\/sites\/21\/2022\/03\/financeurs-iutrenov.png\" alt=\"\" class=\"wp-image-268\" srcset=\"https:\/\/sites.univ-tln.fr\/cper\/wp-content\/uploads\/sites\/21\/2022\/03\/financeurs-iutrenov.png 683w, https:\/\/sites.univ-tln.fr\/cper\/wp-content\/uploads\/sites\/21\/2022\/03\/financeurs-iutrenov-300x208.png 300w\" sizes=\"auto, (max-width: 683px) 100vw, 683px\" \/><\/figure>\n","protected":false},"excerpt":{"rendered":"<p>Le projet IUT RENOV s\u2019inscrit <a class=\"more-link\" href=\"https:\/\/sites.univ-tln.fr\/cper\/financement-du-projet-iut-renove\/\">&#8230; Lire la suite<\/a><\/p>\n","protected":false},"author":1,"featured_media":0,"parent":0,"menu_order":0,"comment_status":"closed","ping_status":"closed","template":"","meta":{"ngg_post_thumbnail":0,"footnotes":""},"class_list":["post-46","page","type-page","status-publish","hentry"],"_links":{"self":[{"href":"https:\/\/sites.univ-tln.fr\/cper\/wp-json\/wp\/v2\/pages\/46","targetHints":{"allow":["GET"]}}],"collection":[{"href":"https:\/\/sites.univ-tln.fr\/cper\/wp-json\/wp\/v2\/pages"}],"about":[{"href":"https:\/\/sites.univ-tln.fr\/cper\/wp-json\/wp\/v2\/types\/page"}],"author":[{"embeddable":true,"href":"https:\/\/sites.univ-tln.fr\/cper\/wp-json\/wp\/v2\/users\/1"}],"replies":[{"embeddable":true,"href":"https:\/\/sites.univ-tln.fr\/cper\/wp-json\/wp\/v2\/comments?post=46"}],"version-history":[{"count":7,"href":"https:\/\/sites.univ-tln.fr\/cper\/wp-json\/wp\/v2\/pages\/46\/revisions"}],"predecessor-version":[{"id":269,"href":"https:\/\/sites.univ-tln.fr\/cper\/wp-json\/wp\/v2\/pages\/46\/revisions\/269"}],"wp:attachment":[{"href":"https:\/\/sites.univ-tln.fr\/cper\/wp-json\/wp\/v2\/media?parent=46"}],"curies":[{"name":"wp","href":"https:\/\/api.w.org\/{rel}","templated":true}]}}