{"id":44,"date":"2017-10-09T19:02:16","date_gmt":"2017-10-09T17:02:16","guid":{"rendered":"http:\/\/sites.univ-tln.fr\/cper\/?page_id=44"},"modified":"2022-03-30T14:19:54","modified_gmt":"2022-03-30T12:19:54","slug":"le-projet-iut-renov","status":"publish","type":"page","link":"https:\/\/sites.univ-tln.fr\/cper\/le-projet-iut-renov\/","title":{"rendered":"Le projet IUT RENOV"},"content":{"rendered":"\n<p>L\u2019Universit\u00e9 de Toulon souhaite r\u00e9habiliter et r\u00e9organiser une partie de ses b\u00e2timents les plus anciens, construits en 1969, sur le campus de La Garde.<\/p>\n\n\n\n<p>Ce projet constitue <strong>la premi\u00e8re \u00e9tape d\u2019une restructuration globale de l\u2019IUT<\/strong> autour de quatre ensembles immobiliers :<\/p>\n\n\n\n<ul class=\"wp-block-list\"><li>Industrie (D\u00e9partements GEII, GIM, GMP),<\/li><li>Tertiaire (D\u00e9partements GEA, TC),<\/li><li>Biologie (D\u00e9partement GB)<\/li><li>Une unit\u00e9 centrale regroupant l\u2019administration et les espaces communs (amphith\u00e9\u00e2tres, laboratoires multim\u00e9dia, espace \u00e9tudiant).<\/li><\/ul>\n\n\n\n<p>Ce projet participe ainsi<strong> au renforcement de la comp\u00e9titivit\u00e9 et de l\u2019attractivit\u00e9 du territoire.<\/strong><\/p>\n\n\n\n<p>Le projet IUT RENOV touchera les d\u00e9partements G\u00e9nie \u00c9lectrique et Informatique Industrielle (GEII) et G\u00e9nie Industriel et Maintenance (GIM).<\/p>\n\n\n\n<p>Il consiste en la destruction des b\u00e2timents E et GE au profit de la cr\u00e9ation d\u2019un b\u00e2timent \u00e9cole pour les 2 d\u00e9partements.<\/p>\n\n\n\n<p>Le nouveau b\u00e2timent, dont les installations techniques seront des supports p\u00e9dagogiques, sera visible, par son architecture moderne, de l\u2019ext\u00e9rieur et donnera ainsi une nouvelle image de l\u2019Universit\u00e9, plus attractive.<\/p>\n\n\n\n<p>Pour dessiner les contours de ce projet, l\u2019UTLN a fait appel \u00e0 Corinne Vezzoni, architecte de Chalucet et du b\u00e2timent M de l\u2019\u00c9cole d\u2019ing\u00e9nieurs SeaTech.<\/p>\n\n\n\n<p>Le projet pr\u00e9voit ainsi un nouveau b\u00e2timent sur 3 \u00e9tages avec une faible emprise au sol afin de conserver un maximum de perm\u00e9abilit\u00e9 aux terres. <strong>Le b\u00e2timent proposera deux faces bien diff\u00e9rentes :<\/strong><\/p>\n\n\n\n<ul class=\"wp-block-list\"><li>Une face Nord urbaine, compacte et rep\u00e9rable depuis l\u2019arriv\u00e9e sur le campus<\/li><li>Une face Sud, d\u00e9coup\u00e9e avec un large patio ouvert sur le c\u0153ur du campus<\/li><\/ul>\n\n\n\n<p><strong>Le<\/strong> <strong>projet se d\u00e9roulera en deux phases\u00a0:<\/strong> la destruction du b\u00e2timent GE suivie de la construction du nouveau b\u00e2timent puis la destruction du b\u00e2timent E qui laissera sa place \u00e0 un nouvel espace vert de d\u00e9tente.<\/p>\n\n\n\n<figure class=\"wp-block-image size-large\"><img loading=\"lazy\" decoding=\"async\" width=\"1024\" height=\"768\" src=\"https:\/\/sites.univ-tln.fr\/cper\/wp-content\/uploads\/sites\/21\/2022\/03\/face-nord-1024x768.jpg\" alt=\"\" class=\"wp-image-273\" srcset=\"https:\/\/sites.univ-tln.fr\/cper\/wp-content\/uploads\/sites\/21\/2022\/03\/face-nord-1024x768.jpg 1024w, https:\/\/sites.univ-tln.fr\/cper\/wp-content\/uploads\/sites\/21\/2022\/03\/face-nord-300x225.jpg 300w, https:\/\/sites.univ-tln.fr\/cper\/wp-content\/uploads\/sites\/21\/2022\/03\/face-nord-768x576.jpg 768w, https:\/\/sites.univ-tln.fr\/cper\/wp-content\/uploads\/sites\/21\/2022\/03\/face-nord-1536x1152.jpg 1536w, https:\/\/sites.univ-tln.fr\/cper\/wp-content\/uploads\/sites\/21\/2022\/03\/face-nord.jpg 2000w\" sizes=\"auto, (max-width: 1024px) 100vw, 1024px\" \/><figcaption>Vue de la face Nord visible depuis l\u2019arriv\u00e9e du campus<\/figcaption><\/figure>\n\n\n\n<figure class=\"wp-block-image size-large\"><img loading=\"lazy\" decoding=\"async\" width=\"1024\" height=\"768\" src=\"https:\/\/sites.univ-tln.fr\/cper\/wp-content\/uploads\/sites\/21\/2022\/03\/face-sud-1024x768.jpg\" alt=\"\" class=\"wp-image-274\" srcset=\"https:\/\/sites.univ-tln.fr\/cper\/wp-content\/uploads\/sites\/21\/2022\/03\/face-sud-1024x768.jpg 1024w, https:\/\/sites.univ-tln.fr\/cper\/wp-content\/uploads\/sites\/21\/2022\/03\/face-sud-300x225.jpg 300w, https:\/\/sites.univ-tln.fr\/cper\/wp-content\/uploads\/sites\/21\/2022\/03\/face-sud-768x576.jpg 768w, https:\/\/sites.univ-tln.fr\/cper\/wp-content\/uploads\/sites\/21\/2022\/03\/face-sud-1536x1152.jpg 1536w, https:\/\/sites.univ-tln.fr\/cper\/wp-content\/uploads\/sites\/21\/2022\/03\/face-sud.jpg 2000w\" sizes=\"auto, (max-width: 1024px) 100vw, 1024px\" \/><figcaption>Vue de la face Sud avec le patio ouvert sur le c\u0153ur du campus<\/figcaption><\/figure>\n\n\n\n<figure class=\"wp-block-image size-large\"><img loading=\"lazy\" decoding=\"async\" width=\"1024\" height=\"768\" src=\"https:\/\/sites.univ-tln.fr\/cper\/wp-content\/uploads\/sites\/21\/2022\/03\/vue-est-1024x768.jpg\" alt=\"\" class=\"wp-image-275\" srcset=\"https:\/\/sites.univ-tln.fr\/cper\/wp-content\/uploads\/sites\/21\/2022\/03\/vue-est-1024x768.jpg 1024w, https:\/\/sites.univ-tln.fr\/cper\/wp-content\/uploads\/sites\/21\/2022\/03\/vue-est-300x225.jpg 300w, https:\/\/sites.univ-tln.fr\/cper\/wp-content\/uploads\/sites\/21\/2022\/03\/vue-est-768x576.jpg 768w, https:\/\/sites.univ-tln.fr\/cper\/wp-content\/uploads\/sites\/21\/2022\/03\/vue-est-1536x1152.jpg 1536w, https:\/\/sites.univ-tln.fr\/cper\/wp-content\/uploads\/sites\/21\/2022\/03\/vue-est.jpg 2000w\" sizes=\"auto, (max-width: 1024px) 100vw, 1024px\" \/><figcaption>Vue de la face Est avec le nouvel espace vert<\/figcaption><\/figure>\n","protected":false},"excerpt":{"rendered":"<p>L\u2019Universit\u00e9 de Toulon souhaite r\u00e9habiliter <a class=\"more-link\" href=\"https:\/\/sites.univ-tln.fr\/cper\/le-projet-iut-renov\/\">&#8230; Lire la suite<\/a><\/p>\n","protected":false},"author":1,"featured_media":0,"parent":0,"menu_order":0,"comment_status":"closed","ping_status":"closed","template":"","meta":{"ngg_post_thumbnail":0,"footnotes":""},"class_list":["post-44","page","type-page","status-publish","hentry"],"_links":{"self":[{"href":"https:\/\/sites.univ-tln.fr\/cper\/wp-json\/wp\/v2\/pages\/44","targetHints":{"allow":["GET"]}}],"collection":[{"href":"https:\/\/sites.univ-tln.fr\/cper\/wp-json\/wp\/v2\/pages"}],"about":[{"href":"https:\/\/sites.univ-tln.fr\/cper\/wp-json\/wp\/v2\/types\/page"}],"author":[{"embeddable":true,"href":"https:\/\/sites.univ-tln.fr\/cper\/wp-json\/wp\/v2\/users\/1"}],"replies":[{"embeddable":true,"href":"https:\/\/sites.univ-tln.fr\/cper\/wp-json\/wp\/v2\/comments?post=44"}],"version-history":[{"count":5,"href":"https:\/\/sites.univ-tln.fr\/cper\/wp-json\/wp\/v2\/pages\/44\/revisions"}],"predecessor-version":[{"id":277,"href":"https:\/\/sites.univ-tln.fr\/cper\/wp-json\/wp\/v2\/pages\/44\/revisions\/277"}],"wp:attachment":[{"href":"https:\/\/sites.univ-tln.fr\/cper\/wp-json\/wp\/v2\/media?parent=44"}],"curies":[{"name":"wp","href":"https:\/\/api.w.org\/{rel}","templated":true}]}}