{"id":41,"date":"2017-10-09T18:59:44","date_gmt":"2017-10-09T16:59:44","guid":{"rendered":"http:\/\/sites.univ-tln.fr\/cper\/?page_id=41"},"modified":"2017-10-09T19:00:33","modified_gmt":"2017-10-09T17:00:33","slug":"letat-actuel-des-batiments-e-et-ge","status":"publish","type":"page","link":"https:\/\/sites.univ-tln.fr\/cper\/letat-actuel-des-batiments-e-et-ge\/","title":{"rendered":"L\u2019\u00e9tat actuel des b\u00e2timents E et GE"},"content":{"rendered":"<p><strong>Le b\u00e2timent GE, 2320m<sup>2<\/sup> SHON<\/strong>, abrite les ateliers du d\u00e9partement G\u00e9nie \u00c9lectrique et Informatique Industrielle (GEII). Le b\u00e2timent est v\u00e9tuste et d\u00e9grad\u00e9, et comporte un grand nombre de d\u00e9fauts en mati\u00e8re de performance \u00e9nerg\u00e9tique, qualit\u00e9 de construction, am\u00e9nagement, fonctionnalit\u00e9 et s\u00e9curit\u00e9. Ceci lui vaut d\u2019\u00eatre class\u00e9 en cat\u00e9gorie E. Il n\u2019a jamais \u00e9t\u00e9 r\u00e9habilit\u00e9, contrairement \u00e0 l\u2019atelier du d\u00e9partement G\u00e9nie M\u00e9canique et Productique (GMP) voisin.<\/p>\n<p><strong>Le b\u00e2timent E, 1910 m<sup>2<\/sup> SHON,<\/strong> est li\u00e9 au b\u00e2timent GE. Il abrite les salles de travaux dirig\u00e9s, salles informatiques et des bureaux du d\u00e9partement GEII.<\/p>\n<p><strong>Les \u00e9tudiants du d\u00e9partement GEII<\/strong> travaillent en mode projet&nbsp;: participation \u00e0 des concours robots autonomes, tracker solaire, quadricopt\u00e8re, v\u00e9lo \u00e9lectrique&#8230; Cette p\u00e9dagogie r\u00e9clame des espaces suffisants pour favoriser l\u2019exp\u00e9rimentation et la cr\u00e9ativit\u00e9.<\/p>\n<p><strong>Le d\u00e9partement G\u00e9nie Industriel et Maintenance (GIM)<\/strong> occupe actuellement le b\u00e2timent G, sur 1420 m\u00b2 de SHON. Toutes les salles d\u2019enseignement du d\u00e9partement ainsi que ses bureaux se trouvent au b\u00e2timent G. Seule une salle \u00ab&nbsp;laboratoire hydraulique&nbsp;\u00bb, se situant au b\u00e2timent D, est mutualis\u00e9e avec le d\u00e9partement GMP. Par ailleurs, l\u2019\u00c9cole d\u2019Ing\u00e9nieurs Seatech et le d\u00e9partement GMP viennent effectuer quelques travaux pratiques au b\u00e2timent G, pour ce qui concerne les contr\u00f4les non destructifs.<\/p>\n<p><em>Comme les \u00e9tudiants du d\u00e9partement GEII<\/em>, les \u00e9tudiants du d\u00e9partement GIM travaillent beaucoup en mode projet et participent notamment au concours national d\u2019\u00e9oliennes urbaines GIM\u2019EOLE. Des espaces conviviaux et modulaires pour exp\u00e9rimenter, innover, cr\u00e9er sont n\u00e9cessaires et pourraient \u00eatre en partie mutualis\u00e9s avec le d\u00e9partement GEII.<\/p>\n","protected":false},"excerpt":{"rendered":"<p>Le b\u00e2timent GE, 2320m2 SHON, <a class=\"more-link\" href=\"https:\/\/sites.univ-tln.fr\/cper\/letat-actuel-des-batiments-e-et-ge\/\">&#8230; Lire la suite<\/a><\/p>\n","protected":false},"author":1,"featured_media":0,"parent":0,"menu_order":0,"comment_status":"closed","ping_status":"closed","template":"","meta":{"ngg_post_thumbnail":0,"footnotes":""},"class_list":["post-41","page","type-page","status-publish","hentry"],"_links":{"self":[{"href":"https:\/\/sites.univ-tln.fr\/cper\/wp-json\/wp\/v2\/pages\/41","targetHints":{"allow":["GET"]}}],"collection":[{"href":"https:\/\/sites.univ-tln.fr\/cper\/wp-json\/wp\/v2\/pages"}],"about":[{"href":"https:\/\/sites.univ-tln.fr\/cper\/wp-json\/wp\/v2\/types\/page"}],"author":[{"embeddable":true,"href":"https:\/\/sites.univ-tln.fr\/cper\/wp-json\/wp\/v2\/users\/1"}],"replies":[{"embeddable":true,"href":"https:\/\/sites.univ-tln.fr\/cper\/wp-json\/wp\/v2\/comments?post=41"}],"version-history":[{"count":2,"href":"https:\/\/sites.univ-tln.fr\/cper\/wp-json\/wp\/v2\/pages\/41\/revisions"}],"predecessor-version":[{"id":43,"href":"https:\/\/sites.univ-tln.fr\/cper\/wp-json\/wp\/v2\/pages\/41\/revisions\/43"}],"wp:attachment":[{"href":"https:\/\/sites.univ-tln.fr\/cper\/wp-json\/wp\/v2\/media?parent=41"}],"curies":[{"name":"wp","href":"https:\/\/api.w.org\/{rel}","templated":true}]}}