{"id":38,"date":"2017-10-09T18:58:45","date_gmt":"2017-10-09T16:58:45","guid":{"rendered":"http:\/\/sites.univ-tln.fr\/cper\/?page_id=38"},"modified":"2017-10-09T18:58:45","modified_gmt":"2017-10-09T16:58:45","slug":"calendrier-du-projet-respore","status":"publish","type":"page","link":"https:\/\/sites.univ-tln.fr\/cper\/calendrier-du-projet-respore\/","title":{"rendered":"Calendrier du projet RESPORE"},"content":{"rendered":"<p><img loading=\"lazy\" decoding=\"async\" class=\"aligncenter size-full wp-image-39\" src=\"http:\/\/sites.univ-tln.fr\/cper\/wp-content\/uploads\/sites\/21\/2017\/10\/calendrier-respore.png\" alt=\"\" width=\"1410\" height=\"650\" srcset=\"https:\/\/sites.univ-tln.fr\/cper\/wp-content\/uploads\/sites\/21\/2017\/10\/calendrier-respore.png 1410w, https:\/\/sites.univ-tln.fr\/cper\/wp-content\/uploads\/sites\/21\/2017\/10\/calendrier-respore-300x138.png 300w, https:\/\/sites.univ-tln.fr\/cper\/wp-content\/uploads\/sites\/21\/2017\/10\/calendrier-respore-768x354.png 768w, https:\/\/sites.univ-tln.fr\/cper\/wp-content\/uploads\/sites\/21\/2017\/10\/calendrier-respore-1024x472.png 1024w\" sizes=\"auto, (max-width: 1410px) 100vw, 1410px\" \/><\/p>\n<p>Le syst\u00e8me hybride de Microscopie Confocale \u00e0 balayage laser (CLSM), multiphotonique n\u2019existe actuellement pas tel quel sur le march\u00e9.&nbsp;Sa construction se r\u00e9alisera en collaboration \u00e9troite avec les laboratoires de recherche de l\u2019UTLN et le fournisseur choisi.<\/p>\n<p>Le cahier des charges sera r\u00e9dig\u00e9 par les laboratoires durant l\u2019\u00e9t\u00e9 pour lancer l&rsquo;assemblage sur mesure \u00e0 l\u2019automne 2017.<\/p>\n<p>L\u2019\u00e9quipement sera ensuite install\u00e9, param\u00e9tr\u00e9 et ajust\u00e9 pendant 6 mois dans les laboratoires de l\u2019Universit\u00e9.<\/p>\n<p>L\u2019achat des autres \u00e9quipements plus standardis\u00e9s s\u2019effectuera pendant le printemps 2018 pour une r\u00e9ception finale et une mise en production \u00e0 la rentr\u00e9e 2018.&nbsp;<\/p>\n<p>Dans les faits la CP\/MAS RMN arrivera nettement plus vite car n&rsquo;ayant pas<\/p>\n","protected":false},"excerpt":{"rendered":"<p>Le syst\u00e8me hybride de Microscopie <a class=\"more-link\" href=\"https:\/\/sites.univ-tln.fr\/cper\/calendrier-du-projet-respore\/\">&#8230; Lire la suite<\/a><\/p>\n","protected":false},"author":1,"featured_media":0,"parent":0,"menu_order":0,"comment_status":"closed","ping_status":"closed","template":"","meta":{"ngg_post_thumbnail":0,"footnotes":""},"class_list":["post-38","page","type-page","status-publish","hentry"],"_links":{"self":[{"href":"https:\/\/sites.univ-tln.fr\/cper\/wp-json\/wp\/v2\/pages\/38","targetHints":{"allow":["GET"]}}],"collection":[{"href":"https:\/\/sites.univ-tln.fr\/cper\/wp-json\/wp\/v2\/pages"}],"about":[{"href":"https:\/\/sites.univ-tln.fr\/cper\/wp-json\/wp\/v2\/types\/page"}],"author":[{"embeddable":true,"href":"https:\/\/sites.univ-tln.fr\/cper\/wp-json\/wp\/v2\/users\/1"}],"replies":[{"embeddable":true,"href":"https:\/\/sites.univ-tln.fr\/cper\/wp-json\/wp\/v2\/comments?post=38"}],"version-history":[{"count":1,"href":"https:\/\/sites.univ-tln.fr\/cper\/wp-json\/wp\/v2\/pages\/38\/revisions"}],"predecessor-version":[{"id":40,"href":"https:\/\/sites.univ-tln.fr\/cper\/wp-json\/wp\/v2\/pages\/38\/revisions\/40"}],"wp:attachment":[{"href":"https:\/\/sites.univ-tln.fr\/cper\/wp-json\/wp\/v2\/media?parent=38"}],"curies":[{"name":"wp","href":"https:\/\/api.w.org\/{rel}","templated":true}]}}