{"id":36,"date":"2017-10-09T18:57:33","date_gmt":"2017-10-09T16:57:33","guid":{"rendered":"http:\/\/sites.univ-tln.fr\/cper\/?page_id=36"},"modified":"2017-10-09T18:57:33","modified_gmt":"2017-10-09T16:57:33","slug":"le-materiel-projet-respore","status":"publish","type":"page","link":"https:\/\/sites.univ-tln.fr\/cper\/le-materiel-projet-respore\/","title":{"rendered":"Le mat\u00e9riel &#8211; Projet RESPORE"},"content":{"rendered":"<h1>Le projet RESPORE constitue un ensemble d\u2019\u00e9quipements compos\u00e9 :<\/h1>\n<ul>\n<li><strong>d&rsquo;un syst\u00e8me hybride de Microscopie Confocale multiphotonique r\u00e9solu en temps appel\u00e9 FLIM<\/strong>&nbsp; : dans le cadre des recherches sur les nouveaux mat\u00e9riaux anti-fouling, la formation des biofilms et l&rsquo;\u00e9tude des interactions des polluants avec la mati\u00e8re organique naturelle, cet appareillage permettra de \u00ab&nbsp;voir&nbsp;\u00bb les modes d&rsquo;action mol\u00e9culaire d&rsquo;adh\u00e9sion du vivant sur les surfaces, ou de rev\u00eatement des particules min\u00e9rales par la mati\u00e8re organique.<\/li>\n<\/ul>\n<p>&nbsp;<\/p>\n<ul>\n<li><strong>d&rsquo;une cam\u00e9ra CCD haute r\u00e9solution ultra-sensible pour acqu\u00e9rir des images num\u00e9riques par Microscopie Electronique \u00e0 Transmission (MET)<\/strong>, permettant l&rsquo;\u00e9tude d&rsquo;objets biologiques et de mat\u00e9riaux sensibles aux irradiations. La haute fr\u00e9quence de la cam\u00e9ra permettra de \u201cvoir\u201d les cin\u00e9tiques de formation et de transformation des mat\u00e9riaux \u00e0 l&rsquo;\u00e9chelle atomique.<\/li>\n<\/ul>\n<p>&nbsp;<\/p>\n<ul>\n<li><strong>d&rsquo;une sonde \u00e0 refroidissement \u00e0 azote liquide et d&rsquo;une sonde CP-MAS<\/strong> destin\u00e9es \u00e0 l\u2019analyse RMN d\u2019\u00e9chantillons en phase liquide et d\u2019\u00e9chantillons solides. Cette sonde permettra d&rsquo;am\u00e9liorer la sensibilit\u00e9 des mesures en phase liquide et d&rsquo;\u00e9tendre les capacit\u00e9s d&rsquo;analyse aux solides (mat\u00e9riaux, sols, vivant, etc&#8230;).<\/li>\n<\/ul>\n<p>&nbsp;<\/p>\n<ul>\n<li><strong>de mat\u00e9riel de stockage et de calcul adapt\u00e9e au stockage et au traitement combin\u00e9 des informations acquises sur l&rsquo;objet d&rsquo;\u00e9tude<\/strong> . La combinaison des donn\u00e9es CP-MAS, MET-CCD et Confocal g\u00e9n\u00e9reront des fichiers de grande taille n\u00e9cessitant des serveurs et des processeurs de calcul adapt\u00e9. Ainsi les donn\u00e9es seront transf\u00e9r\u00e9es durant la nuit pour ne pas d\u00e9grad\u00e9 la bande passante du r\u00e9seau en journ\u00e9e, et trait\u00e9 sur un serveur d\u00e9di\u00e9 qui contiendra les algorithme d\u00e9velopp\u00e9s par le LSIS et l&rsquo;IMATH, mais \u00e9galement certain logiciel propri\u00e9taire li\u00e9 au mat\u00e9riel de la plate-forme.<\/li>\n<\/ul>\n<p>Les mat\u00e9riels du projet RESPORE seront install\u00e9s sur le campus de La Garde au b\u00e2timent R et X. L&rsquo;ensemble des \u00e9quipements sera reli\u00e9 par une infrastructure r\u00e9seau informatique pour le stockage, le transfert et le traitement des donn\u00e9es. Ainsi la plateforme sera virtuellement connect\u00e9e.<\/p>\n","protected":false},"excerpt":{"rendered":"<p>Le projet RESPORE constitue un <a class=\"more-link\" href=\"https:\/\/sites.univ-tln.fr\/cper\/le-materiel-projet-respore\/\">&#8230; Lire la suite<\/a><\/p>\n","protected":false},"author":1,"featured_media":0,"parent":0,"menu_order":0,"comment_status":"closed","ping_status":"closed","template":"","meta":{"ngg_post_thumbnail":0,"footnotes":""},"class_list":["post-36","page","type-page","status-publish","hentry"],"_links":{"self":[{"href":"https:\/\/sites.univ-tln.fr\/cper\/wp-json\/wp\/v2\/pages\/36","targetHints":{"allow":["GET"]}}],"collection":[{"href":"https:\/\/sites.univ-tln.fr\/cper\/wp-json\/wp\/v2\/pages"}],"about":[{"href":"https:\/\/sites.univ-tln.fr\/cper\/wp-json\/wp\/v2\/types\/page"}],"author":[{"embeddable":true,"href":"https:\/\/sites.univ-tln.fr\/cper\/wp-json\/wp\/v2\/users\/1"}],"replies":[{"embeddable":true,"href":"https:\/\/sites.univ-tln.fr\/cper\/wp-json\/wp\/v2\/comments?post=36"}],"version-history":[{"count":1,"href":"https:\/\/sites.univ-tln.fr\/cper\/wp-json\/wp\/v2\/pages\/36\/revisions"}],"predecessor-version":[{"id":37,"href":"https:\/\/sites.univ-tln.fr\/cper\/wp-json\/wp\/v2\/pages\/36\/revisions\/37"}],"wp:attachment":[{"href":"https:\/\/sites.univ-tln.fr\/cper\/wp-json\/wp\/v2\/media?parent=36"}],"curies":[{"name":"wp","href":"https:\/\/api.w.org\/{rel}","templated":true}]}}