{"id":33,"date":"2017-10-09T18:56:07","date_gmt":"2017-10-09T16:56:07","guid":{"rendered":"http:\/\/sites.univ-tln.fr\/cper\/?page_id=33"},"modified":"2017-10-09T18:56:07","modified_gmt":"2017-10-09T16:56:07","slug":"financement-du-projet-respore","status":"publish","type":"page","link":"https:\/\/sites.univ-tln.fr\/cper\/financement-du-projet-respore\/","title":{"rendered":"Financement du projet RESPORE"},"content":{"rendered":"<p>Le projet RESPORE s\u2019inscrit dans le contrat de Plan \u00c9tat R\u00e9gion (CPER) 2015-2020.<\/p>\n<p><strong>Le co\u00fbt total du projet s\u2019\u00e9l\u00e8ve \u00e0 910 000 d\u2019euros financ\u00e9s par&nbsp;:<\/strong><\/p>\n<ul>\n<li>L\u2019\u00c9tat (200 000\u20ac)<\/li>\n<li>La R\u00e9gion Provence-Alpes-C\u00f4te d\u2019Azur&nbsp;(400 000\u20ac)<\/li>\n<li>Le D\u00e9partement du Var (155 000\u20ac)<\/li>\n<li>L\u2019Agglom\u00e9ration Toulon Provence M\u00e9diterran\u00e9e (155 000\u20ac)<\/li>\n<\/ul>\n<p>&nbsp;<\/p>\n<p><img loading=\"lazy\" decoding=\"async\" class=\"aligncenter size-full wp-image-34\" src=\"http:\/\/sites.univ-tln.fr\/cper\/wp-content\/uploads\/sites\/21\/2017\/10\/financeurs-respore.png\" alt=\"\" width=\"621\" height=\"375\" srcset=\"https:\/\/sites.univ-tln.fr\/cper\/wp-content\/uploads\/sites\/21\/2017\/10\/financeurs-respore.png 621w, https:\/\/sites.univ-tln.fr\/cper\/wp-content\/uploads\/sites\/21\/2017\/10\/financeurs-respore-300x181.png 300w\" sizes=\"auto, (max-width: 621px) 100vw, 621px\" \/><\/p>\n","protected":false},"excerpt":{"rendered":"<p>Le projet RESPORE s\u2019inscrit dans <a class=\"more-link\" href=\"https:\/\/sites.univ-tln.fr\/cper\/financement-du-projet-respore\/\">&#8230; Lire la suite<\/a><\/p>\n","protected":false},"author":1,"featured_media":0,"parent":0,"menu_order":0,"comment_status":"closed","ping_status":"closed","template":"","meta":{"ngg_post_thumbnail":0,"footnotes":""},"class_list":["post-33","page","type-page","status-publish","hentry"],"_links":{"self":[{"href":"https:\/\/sites.univ-tln.fr\/cper\/wp-json\/wp\/v2\/pages\/33","targetHints":{"allow":["GET"]}}],"collection":[{"href":"https:\/\/sites.univ-tln.fr\/cper\/wp-json\/wp\/v2\/pages"}],"about":[{"href":"https:\/\/sites.univ-tln.fr\/cper\/wp-json\/wp\/v2\/types\/page"}],"author":[{"embeddable":true,"href":"https:\/\/sites.univ-tln.fr\/cper\/wp-json\/wp\/v2\/users\/1"}],"replies":[{"embeddable":true,"href":"https:\/\/sites.univ-tln.fr\/cper\/wp-json\/wp\/v2\/comments?post=33"}],"version-history":[{"count":1,"href":"https:\/\/sites.univ-tln.fr\/cper\/wp-json\/wp\/v2\/pages\/33\/revisions"}],"predecessor-version":[{"id":35,"href":"https:\/\/sites.univ-tln.fr\/cper\/wp-json\/wp\/v2\/pages\/33\/revisions\/35"}],"wp:attachment":[{"href":"https:\/\/sites.univ-tln.fr\/cper\/wp-json\/wp\/v2\/media?parent=33"}],"curies":[{"name":"wp","href":"https:\/\/api.w.org\/{rel}","templated":true}]}}