{"id":31,"date":"2017-10-09T18:54:38","date_gmt":"2017-10-09T16:54:38","guid":{"rendered":"http:\/\/sites.univ-tln.fr\/cper\/?page_id=31"},"modified":"2017-10-09T18:54:38","modified_gmt":"2017-10-09T16:54:38","slug":"projet-respore","status":"publish","type":"page","link":"https:\/\/sites.univ-tln.fr\/cper\/projet-respore\/","title":{"rendered":"Projet RESPORE"},"content":{"rendered":"<p>L\u2019imagerie en sciences est devenue un outil d\u2019investigation essentiel, tant pour \u00e9tudier le vivant que la mati\u00e8re inerte et l\u2019on peut \u00e0 l\u2019heure actuelle r\u00e9aliser des images aussi bien de cellules vivantes que d\u2019atomes dans un grain de mati\u00e8re. Il s\u2019agit d\u2019obtenir via avec ce projet des informations sur les propri\u00e9t\u00e9s des objets observ\u00e9s. L\u2019imagerie est coupl\u00e9e \u00e0 la r\u00e9ponse spectroscopique (UV-Visible, infrarouge, RMN&#8230;) et n\u00e9cessite un traitement du signal provenant des images. Il s\u2019agit d\u2019un projet essentiellement pluridisciplinaire, tant par ses applications que par les comp\u00e9tences que l\u2019imagerie scientifique requiert.<\/p>\n<p>Les \u00e9quipements existant dans diff\u00e9rents laboratoires de l\u2019Universit\u00e9 de Toulon, ainsi que les comp\u00e9tences pr\u00e9sentes en imagerie et en traitement d&rsquo;images et en spectroscopies, se sont donc structur\u00e9s autour d&rsquo;un projet de plateforme de caract\u00e9risation innovante. Celle-ci sera d\u00e9di\u00e9e aux techniques spectrales et microscopiques appliqu\u00e9es aux mat\u00e9riaux et au vivant et \u00e0 l&rsquo;environnement marin.<\/p>\n<p>Le projet RESPORE porte ainsi sur la mise en place d&rsquo;un plateau d&rsquo;instrumentation pour l&rsquo;analyse de la mati\u00e8re, vou\u00e9 \u00e0 la mise en place d&rsquo;une plateforme scientifique de haut niveau. Il consiste en l\u2019acquisition de mat\u00e9riel compl\u00e9mentaire dans les domaines de la spectroscopie et de la microscopie des mat\u00e9riaux et du vivant, ainsi que des moyens de calcul n\u00e9cessaires au traitement des donn\u00e9es acquises (image multispectrale), qui sera disponible pour l&rsquo;ensemble des laboratoires portant le projet et ouvert \u00e0 tous besoins ext\u00e9rieurs dans ce domaine.<\/p>\n<p>Le projet RESPORE est adoss\u00e9 au p\u00f4le th\u00e9matique de recherche \u00ab&nbsp;Mer, Environnement et D\u00e9veloppement Durable&nbsp;\u00bb de l\u2019Universit\u00e9 et permettra la mise en \u0153uvre d\u2019une plateforme d\u2019imagerie commune \u00e0 diff\u00e9rentes unit\u00e9s :<\/p>\n<ul>\n<li>Laboratoire Processus de Transferts et d\u2019\u00c9changes dans l\u2019Environnement (PROTEE)<\/li>\n<li>Institut Mat\u00e9riaux Micro\u00e9lectronique Nanosciences de Provence (IM2NP),<\/li>\n<li>Laboratoire Mat\u00e9riaux Polym\u00e8res Interfaces Environnement Marin (MAPIEM)<\/li>\n<li>Laboratoire des Sciences de l\u2019Information et des Syst\u00e8mes (LSIS)<\/li>\n<li>Institut de Math\u00e9matiques de Toulon (IMATH)<\/li>\n<\/ul>\n<p>RESPORE renforcera \u00e9galement les interactions de la recherche et de la p\u00e9dagogie via les formations de master \u00ab&nbsp;Sciences et Technologies en Environnement Marin&nbsp;\u00bb et \u00ab&nbsp;Physique et Sciences de l\u2019Ing\u00e9nieur&nbsp;\u00bb, bient\u00f4t \u00ab&nbsp;Sciences de la Mer&nbsp;\u00bb et \u00ab&nbsp;Chimie des Mat\u00e9riaux&nbsp;\u00bb, l\u2019\u00e9cole d&rsquo;ing\u00e9nieur SeaTech ainsi que pour la formation doctorale de l\u2019ED 548 \u00ab&nbsp;Mer et Sciences&nbsp;\u00bb.<\/p>\n<p>Les liens d\u00e9j\u00e0 existants avec les industriels du secteur pourront aussi se d\u00e9velopper afin de r\u00e9pondre plus facilement aux appels d\u2019offres nationaux et internationaux.<\/p>\n","protected":false},"excerpt":{"rendered":"<p>L\u2019imagerie en sciences est devenue <a class=\"more-link\" href=\"https:\/\/sites.univ-tln.fr\/cper\/projet-respore\/\">&#8230; Lire la suite<\/a><\/p>\n","protected":false},"author":1,"featured_media":0,"parent":0,"menu_order":0,"comment_status":"closed","ping_status":"closed","template":"","meta":{"ngg_post_thumbnail":0,"footnotes":""},"class_list":["post-31","page","type-page","status-publish","hentry"],"_links":{"self":[{"href":"https:\/\/sites.univ-tln.fr\/cper\/wp-json\/wp\/v2\/pages\/31","targetHints":{"allow":["GET"]}}],"collection":[{"href":"https:\/\/sites.univ-tln.fr\/cper\/wp-json\/wp\/v2\/pages"}],"about":[{"href":"https:\/\/sites.univ-tln.fr\/cper\/wp-json\/wp\/v2\/types\/page"}],"author":[{"embeddable":true,"href":"https:\/\/sites.univ-tln.fr\/cper\/wp-json\/wp\/v2\/users\/1"}],"replies":[{"embeddable":true,"href":"https:\/\/sites.univ-tln.fr\/cper\/wp-json\/wp\/v2\/comments?post=31"}],"version-history":[{"count":1,"href":"https:\/\/sites.univ-tln.fr\/cper\/wp-json\/wp\/v2\/pages\/31\/revisions"}],"predecessor-version":[{"id":32,"href":"https:\/\/sites.univ-tln.fr\/cper\/wp-json\/wp\/v2\/pages\/31\/revisions\/32"}],"wp:attachment":[{"href":"https:\/\/sites.univ-tln.fr\/cper\/wp-json\/wp\/v2\/media?parent=31"}],"curies":[{"name":"wp","href":"https:\/\/api.w.org\/{rel}","templated":true}]}}