{"id":29,"date":"2017-10-09T18:52:18","date_gmt":"2017-10-09T16:52:18","guid":{"rendered":"http:\/\/sites.univ-tln.fr\/cper\/?page_id=29"},"modified":"2017-11-28T09:27:37","modified_gmt":"2017-11-28T08:27:37","slug":"demenagement-projet-fast","status":"publish","type":"page","link":"https:\/\/sites.univ-tln.fr\/cper\/demenagement-projet-fast\/","title":{"rendered":"D\u00e9m\u00e9nagement Projet FAST"},"content":{"rendered":"<p>Pendant toute la dur\u00e9e des travaux, le b\u00e2timent U sera compl\u00e8tement vid\u00e9 de ses usagers et de ses \u00e9quipements. Les enseignements de la Facult\u00e9 de Sciences et Techniques seront ainsi d\u00e9plac\u00e9s dans les b\u00e2timents Z et Z1 situ\u00e9s \u00e0 proximit\u00e9 du b\u00e2timent U sur le campus de La Garde.<\/p>\n<p>Les personnes concern\u00e9es par les d\u00e9m\u00e9nagements sont&nbsp;:<\/p>\n<ul>\n<li>Les \u00e9tudiants de la Facult\u00e9 de Sciences et Techniques<\/li>\n<li>Les enseignants et personnels administratifs et techniques de la Facult\u00e9 de Sciences et Techniques<\/li>\n<li>Les membres du Centre de Physique Th\u00e9orique<\/li>\n<\/ul>\n<p>Le calendrier d\u00e9taill\u00e9 des d\u00e9m\u00e9nagements sera communiqu\u00e9 ult\u00e9rieurement.<\/p>\n","protected":false},"excerpt":{"rendered":"<p>Pendant toute la dur\u00e9e des <a class=\"more-link\" href=\"https:\/\/sites.univ-tln.fr\/cper\/demenagement-projet-fast\/\">&#8230; Lire la suite<\/a><\/p>\n","protected":false},"author":1,"featured_media":0,"parent":0,"menu_order":0,"comment_status":"closed","ping_status":"closed","template":"","meta":{"ngg_post_thumbnail":0,"footnotes":""},"class_list":["post-29","page","type-page","status-publish","hentry"],"_links":{"self":[{"href":"https:\/\/sites.univ-tln.fr\/cper\/wp-json\/wp\/v2\/pages\/29","targetHints":{"allow":["GET"]}}],"collection":[{"href":"https:\/\/sites.univ-tln.fr\/cper\/wp-json\/wp\/v2\/pages"}],"about":[{"href":"https:\/\/sites.univ-tln.fr\/cper\/wp-json\/wp\/v2\/types\/page"}],"author":[{"embeddable":true,"href":"https:\/\/sites.univ-tln.fr\/cper\/wp-json\/wp\/v2\/users\/1"}],"replies":[{"embeddable":true,"href":"https:\/\/sites.univ-tln.fr\/cper\/wp-json\/wp\/v2\/comments?post=29"}],"version-history":[{"count":2,"href":"https:\/\/sites.univ-tln.fr\/cper\/wp-json\/wp\/v2\/pages\/29\/revisions"}],"predecessor-version":[{"id":147,"href":"https:\/\/sites.univ-tln.fr\/cper\/wp-json\/wp\/v2\/pages\/29\/revisions\/147"}],"wp:attachment":[{"href":"https:\/\/sites.univ-tln.fr\/cper\/wp-json\/wp\/v2\/media?parent=29"}],"curies":[{"name":"wp","href":"https:\/\/api.w.org\/{rel}","templated":true}]}}