{"id":22,"date":"2017-10-09T18:48:23","date_gmt":"2017-10-09T16:48:23","guid":{"rendered":"http:\/\/sites.univ-tln.fr\/cper\/?page_id=22"},"modified":"2017-10-09T18:49:25","modified_gmt":"2017-10-09T16:49:25","slug":"financement-du-projet-fast","status":"publish","type":"page","link":"https:\/\/sites.univ-tln.fr\/cper\/financement-du-projet-fast\/","title":{"rendered":"Financement du projet FAST"},"content":{"rendered":"<p>Le projet FAST s\u2019inscrit dans le contrat de plan \u00c9tat R\u00e9gion (CPER) 2015-2020.<\/p>\n<p>Le co\u00fbt total du projet s\u2019\u00e9l\u00e8ve \u00e0 11,7 millions d\u2019euros financ\u00e9 par&nbsp;:<\/p>\n<ul>\n<li>l\u2019\u00c9tat (3,35M\u20ac),<\/li>\n<li>La R\u00e9gion Provence Alpes C\u00f4te d\u2019Azur (3,35M\u20ac),<\/li>\n<li>Le D\u00e9partement du Var (2M\u20ac),<\/li>\n<li>L\u2019Agglom\u00e9ration Toulon Provence M\u00e9diterran\u00e9e (2M\u20ac)<\/li>\n<li>L\u2019Universit\u00e9 de Toulon (1M\u20ac).<\/li>\n<\/ul>\n<p>L\u2019Universit\u00e9 de Toulon assure la ma\u00eetrise d\u2019ouvrage du projet.<\/p>\n<p>&nbsp;<\/p>\n<p><img loading=\"lazy\" decoding=\"async\" class=\"aligncenter size-full wp-image-24\" src=\"http:\/\/sites.univ-tln.fr\/cper\/wp-content\/uploads\/sites\/21\/2017\/10\/financeurs-fast.jpg\" alt=\"\" width=\"625\" height=\"425\" srcset=\"https:\/\/sites.univ-tln.fr\/cper\/wp-content\/uploads\/sites\/21\/2017\/10\/financeurs-fast.jpg 625w, https:\/\/sites.univ-tln.fr\/cper\/wp-content\/uploads\/sites\/21\/2017\/10\/financeurs-fast-300x204.jpg 300w\" sizes=\"auto, (max-width: 625px) 100vw, 625px\" \/><\/p>\n<p>&nbsp;<\/p>\n","protected":false},"excerpt":{"rendered":"<p>Le projet FAST s\u2019inscrit dans <a class=\"more-link\" href=\"https:\/\/sites.univ-tln.fr\/cper\/financement-du-projet-fast\/\">&#8230; Lire la suite<\/a><\/p>\n","protected":false},"author":1,"featured_media":0,"parent":0,"menu_order":0,"comment_status":"closed","ping_status":"closed","template":"","meta":{"ngg_post_thumbnail":0,"footnotes":""},"class_list":["post-22","page","type-page","status-publish","hentry"],"_links":{"self":[{"href":"https:\/\/sites.univ-tln.fr\/cper\/wp-json\/wp\/v2\/pages\/22","targetHints":{"allow":["GET"]}}],"collection":[{"href":"https:\/\/sites.univ-tln.fr\/cper\/wp-json\/wp\/v2\/pages"}],"about":[{"href":"https:\/\/sites.univ-tln.fr\/cper\/wp-json\/wp\/v2\/types\/page"}],"author":[{"embeddable":true,"href":"https:\/\/sites.univ-tln.fr\/cper\/wp-json\/wp\/v2\/users\/1"}],"replies":[{"embeddable":true,"href":"https:\/\/sites.univ-tln.fr\/cper\/wp-json\/wp\/v2\/comments?post=22"}],"version-history":[{"count":2,"href":"https:\/\/sites.univ-tln.fr\/cper\/wp-json\/wp\/v2\/pages\/22\/revisions"}],"predecessor-version":[{"id":25,"href":"https:\/\/sites.univ-tln.fr\/cper\/wp-json\/wp\/v2\/pages\/22\/revisions\/25"}],"wp:attachment":[{"href":"https:\/\/sites.univ-tln.fr\/cper\/wp-json\/wp\/v2\/media?parent=22"}],"curies":[{"name":"wp","href":"https:\/\/api.w.org\/{rel}","templated":true}]}}