{"id":20,"date":"2017-10-09T18:47:30","date_gmt":"2017-10-09T16:47:30","guid":{"rendered":"http:\/\/sites.univ-tln.fr\/cper\/?page_id=20"},"modified":"2017-10-10T09:46:14","modified_gmt":"2017-10-10T07:46:14","slug":"projet-fast","status":"publish","type":"page","link":"https:\/\/sites.univ-tln.fr\/cper\/projet-fast\/","title":{"rendered":"Projet FAST"},"content":{"rendered":"<p>L\u2019Universit\u00e9 de Toulon souhaite affirmer la place du campus de La Garde dans les Sciences et Techniques, en particulier marines. <strong>Ainsi l\u2019attractivit\u00e9 de l\u2019enseignement des sciences exp\u00e9rimentales est un v\u00e9ritable enjeu<\/strong>. La mise \u00e0 niveau des conditions d\u2019enseignement aux normes et standards internationaux r\u00e9pond \u00e0 cet objectif. L\u2019implantation sur le campus de l\u2019\u00c9cole d\u2019Ing\u00e9nieurs SeaTech en 2013, dans un b\u00e2timent neuf, en a \u00e9t\u00e9 la premi\u00e8re \u00e9tape.<\/p>\n<p>Le projet FAST de l\u2019Universit\u00e9 de Toulon s\u2019inscrit dans cette d\u00e9marche et pr\u00e9voit <strong>la r\u00e9habilitation compl\u00e8te du b\u00e2timent U et d\u2019une partie du b\u00e2timent F sur le campus de La Garde.<\/strong><\/p>\n<p>Le b\u00e2timent U, construit en 1980, abrite les salles d\u00e9di\u00e9es aux sciences exp\u00e9rimentales de physique, chimie et biologie de la Facult\u00e9 des Sciences et Techniques. Ces espaces de travaux pratiques sont anciens et ne proposent plus des conditions d\u2019enseignement satisfaisantes, \u00e0 la hauteur des standards actuels, tant d\u2019un point de vue fonctionnel et technique que du confort et des ambiances.<\/p>\n<p>De plus les autres enseignements de la Facult\u00e9 sont r\u00e9partis sur tout le campus, les \u00e9tudiants manquent ainsi d\u2019un espace clairement identifi\u00e9 pour se retrouver. Le b\u00e2timent U peine aujourd\u2019hui \u00e0 jouer son r\u00f4le de b\u00e2timent f\u00e9d\u00e9rateur pour la Facult\u00e9.<\/p>\n<p>Enfin la v\u00e9tust\u00e9 du b\u00e2timent U risque de faire s\u2019envoler les co\u00fbts des grosses r\u00e9parations et de l\u2019entretien dans les prochaines ann\u00e9es.<\/p>\n<p>Le b\u00e2timent F est scind\u00e9 en deux parties&nbsp;: la premi\u00e8re est utilis\u00e9e pour les enseignements du d\u00e9partement G\u00e9nie Biologique de l\u2019IUT. La seconde, au rez-de-chauss\u00e9e, accueillait auparavant une partie des \u00e9quipes de recherche de l\u2019Institut M\u00e9diterran\u00e9en d\u2019Oc\u00e9anologie (M.I.O) aujourd\u2019hui install\u00e9es au b\u00e2timent X.<\/p>\n<p>La r\u00e9habilitation de l\u2019espace lib\u00e9r\u00e9 par le M.I.O permettra une mutualisation des salles de travaux pratiques entre les usagers des b\u00e2timents U et F. Cette intervention am\u00e9liorera les conditions d\u2019enseignement dans le b\u00e2timent F. Elle permettra la mutualisation et le d\u00e9veloppement des synergies entre les d\u00e9partements, en particulier entre le d\u00e9partement de Biologie de la Facult\u00e9 des Sciences et le d\u00e9partement G\u00e9nie Biologique de l\u2019IUT.<\/p>\n<p>Le rez-de-chauss\u00e9 accueillera \u00e9galement les \u00e9quipes du Centre de Physique Th\u00e9orique (CPT).<\/p>\n<h3>La r\u00e9habilitation du b\u00e2timent U consiste en&nbsp;:<\/h3>\n<ul>\n<li>La r\u00e9organisation des 3580m<sup>2<\/sup> de surfaces<\/li>\n<li>La mise aux standards internationaux des salles de travaux pratiques<\/li>\n<li>La cr\u00e9ation d\u2019un foyer \u00e9tudiant<\/li>\n<li>La r\u00e9habilitation de l\u2019enveloppe du b\u00e2timent avec gains \u00e9nerg\u00e9tiques<\/li>\n<\/ul>\n<h3>La r\u00e9habilitation d\u2019une partie du b\u00e2timent F consiste en&nbsp;:<\/h3>\n<ul>\n<li>La r\u00e9organisation des 1858m<sup>2<\/sup> de surfaces<\/li>\n<li>La jonction au rez-de-chauss\u00e9e avec la partie du d\u00e9partement G\u00e9nie Biologique de l\u2019Institut Universitaire de Technologie (IUT)<\/li>\n<li>La r\u00e9fection de la toiture et la mise en accessibilit\u00e9.<\/li>\n<\/ul>\n<p><img loading=\"lazy\" decoding=\"async\" class=\"aligncenter size-full wp-image-131\" src=\"http:\/\/sites.univ-tln.fr\/cper\/wp-content\/uploads\/sites\/21\/2017\/10\/fast-grand-format.png\" alt=\"\" width=\"991\" height=\"442\" srcset=\"https:\/\/sites.univ-tln.fr\/cper\/wp-content\/uploads\/sites\/21\/2017\/10\/fast-grand-format.png 991w, https:\/\/sites.univ-tln.fr\/cper\/wp-content\/uploads\/sites\/21\/2017\/10\/fast-grand-format-300x134.png 300w, https:\/\/sites.univ-tln.fr\/cper\/wp-content\/uploads\/sites\/21\/2017\/10\/fast-grand-format-768x343.png 768w\" sizes=\"auto, (max-width: 991px) 100vw, 991px\" \/><\/p>\n","protected":false},"excerpt":{"rendered":"<p>L\u2019Universit\u00e9 de Toulon souhaite affirmer <a class=\"more-link\" href=\"https:\/\/sites.univ-tln.fr\/cper\/projet-fast\/\">&#8230; Lire la suite<\/a><\/p>\n","protected":false},"author":1,"featured_media":0,"parent":0,"menu_order":0,"comment_status":"closed","ping_status":"closed","template":"","meta":{"ngg_post_thumbnail":0,"footnotes":""},"class_list":["post-20","page","type-page","status-publish","hentry"],"_links":{"self":[{"href":"https:\/\/sites.univ-tln.fr\/cper\/wp-json\/wp\/v2\/pages\/20","targetHints":{"allow":["GET"]}}],"collection":[{"href":"https:\/\/sites.univ-tln.fr\/cper\/wp-json\/wp\/v2\/pages"}],"about":[{"href":"https:\/\/sites.univ-tln.fr\/cper\/wp-json\/wp\/v2\/types\/page"}],"author":[{"embeddable":true,"href":"https:\/\/sites.univ-tln.fr\/cper\/wp-json\/wp\/v2\/users\/1"}],"replies":[{"embeddable":true,"href":"https:\/\/sites.univ-tln.fr\/cper\/wp-json\/wp\/v2\/comments?post=20"}],"version-history":[{"count":2,"href":"https:\/\/sites.univ-tln.fr\/cper\/wp-json\/wp\/v2\/pages\/20\/revisions"}],"predecessor-version":[{"id":132,"href":"https:\/\/sites.univ-tln.fr\/cper\/wp-json\/wp\/v2\/pages\/20\/revisions\/132"}],"wp:attachment":[{"href":"https:\/\/sites.univ-tln.fr\/cper\/wp-json\/wp\/v2\/media?parent=20"}],"curies":[{"name":"wp","href":"https:\/\/api.w.org\/{rel}","templated":true}]}}