{"id":24,"date":"2019-10-15T14:47:05","date_gmt":"2019-10-15T12:47:05","guid":{"rendered":"http:\/\/sites.univ-tln.fr\/cipdc2019\/?page_id=24"},"modified":"2019-10-16T13:23:20","modified_gmt":"2019-10-16T11:23:20","slug":"inscription","status":"publish","type":"page","link":"https:\/\/sites.univ-tln.fr\/cipdc2019\/inscription\/","title":{"rendered":"Participation"},"content":{"rendered":"\n<p>Merci de remplir le formulaire suivant : <\/p>\n\n\n\n<div class=\"wpcf7 no-js\" id=\"wpcf7-f23-o1\" lang=\"fr-FR\" dir=\"ltr\" data-wpcf7-id=\"23\">\n<div class=\"screen-reader-response\"><p role=\"status\" aria-live=\"polite\" aria-atomic=\"true\"><\/p> <ul><\/ul><\/div>\n<form action=\"\/cipdc2019\/wp-json\/wp\/v2\/pages\/24#wpcf7-f23-o1\" method=\"post\" class=\"wpcf7-form init\" aria-label=\"Formulaire de contact\" novalidate=\"novalidate\" data-status=\"init\">\n<fieldset class=\"hidden-fields-container\"><input type=\"hidden\" name=\"_wpcf7\" value=\"23\" \/><input type=\"hidden\" name=\"_wpcf7_version\" value=\"6.1.5\" \/><input type=\"hidden\" name=\"_wpcf7_locale\" value=\"fr_FR\" \/><input type=\"hidden\" name=\"_wpcf7_unit_tag\" value=\"wpcf7-f23-o1\" \/><input type=\"hidden\" name=\"_wpcf7_container_post\" value=\"0\" \/><input type=\"hidden\" name=\"_wpcf7_posted_data_hash\" value=\"\" \/>\n<\/fieldset>\n<p>* champs obligatoires\n<\/p>\n<p><label> <strong>Nom pr\u00e9nom*<\/strong><br \/>\n<span class=\"wpcf7-form-control-wrap\" data-name=\"nom\"><input size=\"40\" maxlength=\"400\" class=\"wpcf7-form-control wpcf7-text wpcf7-validates-as-required\" aria-required=\"true\" aria-invalid=\"false\" value=\"\" type=\"text\" name=\"nom\" \/><\/span> <\/label>\n<\/p>\n<p><label> Affiliation (pr\u00e9ciser si \u00e9tudiant)*<br \/>\n<span class=\"wpcf7-form-control-wrap\" data-name=\"affiliation\"><input size=\"40\" maxlength=\"400\" class=\"wpcf7-form-control wpcf7-text wpcf7-validates-as-required\" aria-required=\"true\" aria-invalid=\"false\" value=\"\" type=\"text\" name=\"affiliation\" \/><\/span> <\/label>\n<\/p>\n<p><label> Email*<br \/>\n<span class=\"wpcf7-form-control-wrap\" data-name=\"mail\"><input size=\"40\" maxlength=\"400\" class=\"wpcf7-form-control wpcf7-email wpcf7-validates-as-required wpcf7-text wpcf7-validates-as-email\" aria-required=\"true\" aria-invalid=\"false\" value=\"\" type=\"email\" name=\"mail\" \/><\/span> <\/label>\n<\/p>\n<p><strong>Participation :<\/strong>\n<\/p>\n<p>- Jeudi 14 novembre :<br \/>\n<span class=\"wpcf7-form-control-wrap\" data-name=\"Jeudi14\"><span class=\"wpcf7-form-control wpcf7-radio\"><span class=\"wpcf7-list-item first\"><input type=\"radio\" name=\"Jeudi14\" value=\"Conf\u00e9rence seule (d\u00e9but 19:30)\" \/><span class=\"wpcf7-list-item-label\">Conf\u00e9rence seule (d\u00e9but 19:30)<\/span><\/span><span class=\"wpcf7-list-item\"><input type=\"radio\" name=\"Jeudi14\" value=\"Buffet (\u00e0 partir de 18:00) + Conf\u00e9rence (d\u00e9but 19:30)\" \/><span class=\"wpcf7-list-item-label\">Buffet (\u00e0 partir de 18:00) + Conf\u00e9rence (d\u00e9but 19:30)<\/span><\/span><span class=\"wpcf7-list-item last\"><input type=\"radio\" name=\"Jeudi14\" value=\"ne participe pas\" \/><span class=\"wpcf7-list-item-label\">ne participe pas<\/span><\/span><\/span><\/span>\n<\/p>\n<p>- Vendredi 15 novembre :<br \/>\n<span class=\"wpcf7-form-control-wrap\" data-name=\"vendredi15\"><span class=\"wpcf7-form-control wpcf7-radio\"><span class=\"wpcf7-list-item first\"><input type=\"radio\" name=\"vendredi15\" value=\"Conf\u00e9rence seule (d\u00e9but 19:30)\" \/><span class=\"wpcf7-list-item-label\">Conf\u00e9rence seule (d\u00e9but 19:30)<\/span><\/span><span class=\"wpcf7-list-item\"><input type=\"radio\" name=\"vendredi15\" value=\"Buffet (\u00e0 partir de 18:00) + Conf\u00e9rence (d\u00e9but 19:30)\" \/><span class=\"wpcf7-list-item-label\">Buffet (\u00e0 partir de 18:00) + Conf\u00e9rence (d\u00e9but 19:30)<\/span><\/span><span class=\"wpcf7-list-item last\"><input type=\"radio\" name=\"vendredi15\" value=\"ne participe pas\" \/><span class=\"wpcf7-list-item-label\">ne participe pas<\/span><\/span><\/span><\/span>\n<\/p>\n<p>- Samedi 16 novembre :<br \/>\n<span class=\"wpcf7-form-control-wrap\" data-name=\"sam16\"><span class=\"wpcf7-form-control wpcf7-radio\"><span class=\"wpcf7-list-item first\"><input type=\"radio\" name=\"sam16\" value=\"Conf\u00e9rence seule (d\u00e9but 19:30)\" \/><span class=\"wpcf7-list-item-label\">Conf\u00e9rence seule (d\u00e9but 19:30)<\/span><\/span><span class=\"wpcf7-list-item\"><input type=\"radio\" name=\"sam16\" value=\"Buffet (\u00e0 partir de 18:00) + Conf\u00e9rence (d\u00e9but 19:30)\" \/><span class=\"wpcf7-list-item-label\">Buffet (\u00e0 partir de 18:00) + Conf\u00e9rence (d\u00e9but 19:30)<\/span><\/span><span class=\"wpcf7-list-item last\"><input type=\"radio\" name=\"sam16\" value=\"ne participe pas\" \/><span class=\"wpcf7-list-item-label\">ne participe pas<\/span><\/span><\/span><\/span>\n<\/p>\n<p><label> Nombre d'accompagnant(s)<br \/>\n<span class=\"wpcf7-form-control-wrap\" data-name=\"accompagnant\"><input size=\"40\" maxlength=\"400\" class=\"wpcf7-form-control wpcf7-text\" aria-invalid=\"false\" value=\"\" type=\"text\" name=\"accompagnant\" \/><\/span> <\/label>\n<\/p>\n<p>Remarque :<br \/>\n<span class=\"wpcf7-form-control-wrap\" data-name=\"message\"><textarea cols=\"40\" rows=\"10\" maxlength=\"2000\" class=\"wpcf7-form-control wpcf7-textarea\" aria-invalid=\"false\" name=\"message\"><\/textarea><\/span>\n<\/p>\n<p><input class=\"wpcf7-form-control wpcf7-submit has-spinner\" type=\"submit\" value=\"Envoyer\" \/>\n<\/p><div class=\"wpcf7-response-output\" aria-hidden=\"true\"><\/div>\n<\/form>\n<\/div>\n\n","protected":false},"excerpt":{"rendered":"<p>Merci de remplir le formulaire suivant :<\/p>\n","protected":false},"author":1,"featured_media":0,"parent":0,"menu_order":0,"comment_status":"closed","ping_status":"closed","template":"","meta":{"ngg_post_thumbnail":0,"footnotes":""},"class_list":["post-24","page","type-page","status-publish","hentry"],"_links":{"self":[{"href":"https:\/\/sites.univ-tln.fr\/cipdc2019\/wp-json\/wp\/v2\/pages\/24","targetHints":{"allow":["GET"]}}],"collection":[{"href":"https:\/\/sites.univ-tln.fr\/cipdc2019\/wp-json\/wp\/v2\/pages"}],"about":[{"href":"https:\/\/sites.univ-tln.fr\/cipdc2019\/wp-json\/wp\/v2\/types\/page"}],"author":[{"embeddable":true,"href":"https:\/\/sites.univ-tln.fr\/cipdc2019\/wp-json\/wp\/v2\/users\/1"}],"replies":[{"embeddable":true,"href":"https:\/\/sites.univ-tln.fr\/cipdc2019\/wp-json\/wp\/v2\/comments?post=24"}],"version-history":[{"count":2,"href":"https:\/\/sites.univ-tln.fr\/cipdc2019\/wp-json\/wp\/v2\/pages\/24\/revisions"}],"predecessor-version":[{"id":40,"href":"https:\/\/sites.univ-tln.fr\/cipdc2019\/wp-json\/wp\/v2\/pages\/24\/revisions\/40"}],"wp:attachment":[{"href":"https:\/\/sites.univ-tln.fr\/cipdc2019\/wp-json\/wp\/v2\/media?parent=24"}],"curies":[{"name":"wp","href":"https:\/\/api.w.org\/{rel}","templated":true}]}}