{"id":15,"date":"2019-10-15T13:29:39","date_gmt":"2019-10-15T11:29:39","guid":{"rendered":"http:\/\/sites.univ-tln.fr\/cipdc2019\/?page_id=15"},"modified":"2019-10-24T08:02:55","modified_gmt":"2019-10-24T06:02:55","slug":"comite-scientifique","status":"publish","type":"page","link":"https:\/\/sites.univ-tln.fr\/cipdc2019\/comite-scientifique\/","title":{"rendered":"Comit\u00e9 scientifique"},"content":{"rendered":"\n<ul class=\"wp-block-list\"><li>\u00c9ric Fiat UPEM, <\/li><li>Claudine Haroche EHESS, <\/li><li>Alain Papaux UNIL, <\/li><li>Philippe P\u00e9drot UTLN, <\/li><li>Jean-Christophe Valmalette, UTLN coordination<\/li><\/ul>\n\n\n\n<h3 class=\"wp-block-heading\">Invit\u00e9s<\/h3>\n\n\n\n<p>Shin Abiko, Myriam Bahia-Lopes, Frantz Baronti,  Julien Guinand, Hidetaka Ishida, Jean Lassegue,  Alain Lazartigues, Yosuke Morimoto, Nicolas Rosat,  Masaru Yoneyma<\/p>\n\n\n\n<h3 class=\"wp-block-heading\">Disciplines   <\/h3>\n\n\n\n<p>Philosophie |  Nano technologies | Anthropologie Soci\u00e9t\u00e9 | Droit | Sant\u00e9 | Num\u00e9rique |  Environnement<\/p>\n\n\n\n<h3 class=\"wp-block-heading\">Organisation<\/h3>\n\n\n\n<p>Universit\u00e9 de Toulon, en partenariat avec la m\u00e9tropole Toulon Provence M\u00e9diterran\u00e9e, l\u2019universit\u00e9 de Lausanne, l\u2019universit\u00e9 Paris-Est \u2013 Marne-la-Vall\u00e9e, la fondation  franco-japonaise Sasakawa, et la villa Noailles.<\/p>\n","protected":false},"excerpt":{"rendered":"<p>\u00c9ric Fiat UPEM, Claudine Haroche EHESS, Alain Papaux UNIL, Philippe P\u00e9drot UTLN, Jean-Christophe Valmalette, UTLN coordination Invit\u00e9s Shin Abiko, Myriam Bahia-Lopes, Frantz Baronti, Julien Guinand, Hidetaka Ishida, Jean Lassegue, Alain Lazartigues, Yosuke Morimoto, Nicolas Rosat, Masaru Yoneyma Disciplines Philosophie | Nano technologies | Anthropologie Soci\u00e9t\u00e9 | Droit | Sant\u00e9 | Num\u00e9rique | Environnement Organisation Universit\u00e9 [&hellip;]<\/p>\n","protected":false},"author":1,"featured_media":0,"parent":0,"menu_order":0,"comment_status":"closed","ping_status":"closed","template":"","meta":{"ngg_post_thumbnail":0,"footnotes":""},"class_list":["post-15","page","type-page","status-publish","hentry"],"_links":{"self":[{"href":"https:\/\/sites.univ-tln.fr\/cipdc2019\/wp-json\/wp\/v2\/pages\/15","targetHints":{"allow":["GET"]}}],"collection":[{"href":"https:\/\/sites.univ-tln.fr\/cipdc2019\/wp-json\/wp\/v2\/pages"}],"about":[{"href":"https:\/\/sites.univ-tln.fr\/cipdc2019\/wp-json\/wp\/v2\/types\/page"}],"author":[{"embeddable":true,"href":"https:\/\/sites.univ-tln.fr\/cipdc2019\/wp-json\/wp\/v2\/users\/1"}],"replies":[{"embeddable":true,"href":"https:\/\/sites.univ-tln.fr\/cipdc2019\/wp-json\/wp\/v2\/comments?post=15"}],"version-history":[{"count":2,"href":"https:\/\/sites.univ-tln.fr\/cipdc2019\/wp-json\/wp\/v2\/pages\/15\/revisions"}],"predecessor-version":[{"id":44,"href":"https:\/\/sites.univ-tln.fr\/cipdc2019\/wp-json\/wp\/v2\/pages\/15\/revisions\/44"}],"wp:attachment":[{"href":"https:\/\/sites.univ-tln.fr\/cipdc2019\/wp-json\/wp\/v2\/media?parent=15"}],"curies":[{"name":"wp","href":"https:\/\/api.w.org\/{rel}","templated":true}]}}