{"id":13,"date":"2019-10-15T13:27:39","date_gmt":"2019-10-15T11:27:39","guid":{"rendered":"http:\/\/sites.univ-tln.fr\/cipdc2019\/?page_id=13"},"modified":"2019-10-15T13:27:39","modified_gmt":"2019-10-15T11:27:39","slug":"colloque-penser-deliberer-calculer","status":"publish","type":"page","link":"https:\/\/sites.univ-tln.fr\/cipdc2019\/","title":{"rendered":"Colloque Penser, d\u00e9lib\u00e9rer, calculer."},"content":{"rendered":"\n<p>Les technologies num\u00e9riques, leur acc\u00e9l\u00e9ration, leur mondialisation transforment en profondeur les relations de l\u2019homme contemporain \u00e0 lui-m\u00eame, aux autres  et au monde. Se superposant aux structures soci\u00e9tales existantes, les flux d\u2019informations bouleversent  les modes de subjectivation, d\u2019\u00e9laboration,  de repr\u00e9 sentation, d\u2019imagination, de conceptualisation. <\/p>\n\n\n\n<p>\u00c0 l\u2019heure de ces bouleversements, est-il encore possible de distinguer penser, d\u00e9lib\u00e9rer, calculer ? <\/p>\n\n\n\n<p>Dot\u00e9e d\u2019une puissance in\u00e9dite, la computation des big datas combin\u00e9e \u00e0 l\u2019\u00e9mergence d\u2019une intelligence artificielle ne conduirait-elle pas \u00e0 une mutation des formes  de pens\u00e9e et \u00e0 l\u2019id\u00e9e qu\u2019une d\u00e9lib\u00e9ration pourrait r\u00e9sulter d\u2019un simple calcul ?<\/p>\n\n\n\n<p>Ces transformations touchent d\u00e9sormais \u00e0 des domaines aussi primordiaux que le droit, la sant\u00e9, l\u2019environnement ou la s\u00e9curit\u00e9. Elles bouleversent  les fronti\u00e8res entre le mat\u00e9riel et l\u2019immat\u00e9riel, le r\u00e9el  et le virtuel, la sph\u00e8re publique et la sph\u00e8re priv\u00e9e,  le sujet et l\u2019objet, la vie et la mort, etc. <\/p>\n\n\n\n<p>Ces bouleversements entra\u00eenent une complexit\u00e9 croissante des conditions tant naturelles qu\u2019humaines en cr\u00e9ant des risques relativement in\u00e9dits,  aux cons\u00e9quences incertaines.<\/p>\n\n\n\n<p>L\u2019objet de ce colloque est de r\u00e9fl\u00e9chir \u00e0 ces  in   cer  titudes, \u00e0 partir d\u2019une confrontation des disciplines  et des civilisations (occidentale et japonaise), dont le but  est d\u2019ouvrir de nouveaux horizons de pens\u00e9e. <\/p>\n\n\n\n<h3 class=\"wp-block-heading\"><strong>Two Mountains \u2013 Coastal Motifs<\/strong><\/h3>\n\n\n\n<p>Au Japon, sur le littoral pacifique de la r\u00e9gion de Tohoku, s\u2019\u00e9rige un immense mur anti-tsunami. Dans les mon  tagnes de Kumano au sud de Kyoto, des ouvrages de b\u00e9ton  cens\u00e9s emp\u00eacher les glissements de terrain recouvrent  les montagnes. Julien Guinand et Tadashi Ono ont travaill\u00e9 conjointement sur ce sujet lors d\u2019une r\u00e9sidence \u00e0 la villa Kujoyama \u00e0 Kyoto en 2017. Ils pr\u00e9sentent \u00e0 la villa Noailles quelques \u0153uvres issues de ce travail, comme un \u00e9cho imag\u00e9 aux r\u00e9flexions soulev\u00e9es lors du colloque.<\/p>\n","protected":false},"excerpt":{"rendered":"<p>Les technologies num\u00e9riques, leur acc\u00e9l\u00e9ration, leur mondialisation transforment en profondeur les relations de l\u2019homme contemporain \u00e0 lui-m\u00eame, aux autres et au monde. Se superposant aux structures soci\u00e9tales existantes, les flux d\u2019informations bouleversent les modes de subjectivation, d\u2019\u00e9laboration, de repr\u00e9 sentation, d\u2019imagination, de conceptualisation. \u00c0 l\u2019heure de ces bouleversements, est-il encore possible de distinguer penser, d\u00e9lib\u00e9rer, [&hellip;]<\/p>\n","protected":false},"author":1,"featured_media":0,"parent":0,"menu_order":0,"comment_status":"closed","ping_status":"closed","template":"","meta":{"ngg_post_thumbnail":0,"footnotes":""},"class_list":["post-13","page","type-page","status-publish","hentry"],"_links":{"self":[{"href":"https:\/\/sites.univ-tln.fr\/cipdc2019\/wp-json\/wp\/v2\/pages\/13","targetHints":{"allow":["GET"]}}],"collection":[{"href":"https:\/\/sites.univ-tln.fr\/cipdc2019\/wp-json\/wp\/v2\/pages"}],"about":[{"href":"https:\/\/sites.univ-tln.fr\/cipdc2019\/wp-json\/wp\/v2\/types\/page"}],"author":[{"embeddable":true,"href":"https:\/\/sites.univ-tln.fr\/cipdc2019\/wp-json\/wp\/v2\/users\/1"}],"replies":[{"embeddable":true,"href":"https:\/\/sites.univ-tln.fr\/cipdc2019\/wp-json\/wp\/v2\/comments?post=13"}],"version-history":[{"count":1,"href":"https:\/\/sites.univ-tln.fr\/cipdc2019\/wp-json\/wp\/v2\/pages\/13\/revisions"}],"predecessor-version":[{"id":14,"href":"https:\/\/sites.univ-tln.fr\/cipdc2019\/wp-json\/wp\/v2\/pages\/13\/revisions\/14"}],"wp:attachment":[{"href":"https:\/\/sites.univ-tln.fr\/cipdc2019\/wp-json\/wp\/v2\/media?parent=13"}],"curies":[{"name":"wp","href":"https:\/\/api.w.org\/{rel}","templated":true}]}}