{"id":21,"date":"2017-06-26T09:01:33","date_gmt":"2017-06-26T08:01:33","guid":{"rendered":"http:\/\/sites.univ-tln.fr\/afapa2018\/?page_id=21"},"modified":"2018-05-28T11:48:35","modified_gmt":"2018-05-28T10:48:35","slug":"xixes-journees-detudes-francophones-en-activites-physiques-adaptes","status":"publish","type":"page","link":"https:\/\/sites.univ-tln.fr\/afapa2018\/","title":{"rendered":"Pr\u00e9sentation"},"content":{"rendered":"<p style=\"text-align: center;\"><strong><img loading=\"lazy\" decoding=\"async\" class=\"alignnone size-medium wp-image-277\" src=\"http:\/\/sites.univ-tln.fr\/afapa2018\/wp-content\/uploads\/sites\/20\/2018\/04\/affiche-afapa6.jpg\" alt=\"\" width=\"1\" height=\"1\"><em>Attention, il n&rsquo;y a que 100 places pour le repas de Gala (100 premiers inscrits&#8230;)<\/em><\/strong><a href=\"http:\/\/sites.univ-tln.fr\/afapa2018\/wp-content\/uploads\/sites\/20\/2018\/04\/affiche-afapa6.pdf\"><img loading=\"lazy\" decoding=\"async\" class=\" wp-image-278 aligncenter\" src=\"http:\/\/sites.univ-tln.fr\/afapa2018\/wp-content\/uploads\/sites\/20\/2018\/04\/Capture-d\u2019\u00e9cran-2018-04-18-\u00e0-19.16.21-211x300.png\" alt=\"\" width=\"252\" height=\"358\" srcset=\"https:\/\/sites.univ-tln.fr\/afapa2018\/wp-content\/uploads\/sites\/20\/2018\/04\/Capture-d\u2019\u00e9cran-2018-04-18-\u00e0-19.16.21-211x300.png 211w, https:\/\/sites.univ-tln.fr\/afapa2018\/wp-content\/uploads\/sites\/20\/2018\/04\/Capture-d\u2019\u00e9cran-2018-04-18-\u00e0-19.16.21-768x1090.png 768w, https:\/\/sites.univ-tln.fr\/afapa2018\/wp-content\/uploads\/sites\/20\/2018\/04\/Capture-d\u2019\u00e9cran-2018-04-18-\u00e0-19.16.21-722x1024.png 722w, https:\/\/sites.univ-tln.fr\/afapa2018\/wp-content\/uploads\/sites\/20\/2018\/04\/Capture-d\u2019\u00e9cran-2018-04-18-\u00e0-19.16.21-624x886.png 624w, https:\/\/sites.univ-tln.fr\/afapa2018\/wp-content\/uploads\/sites\/20\/2018\/04\/Capture-d\u2019\u00e9cran-2018-04-18-\u00e0-19.16.21.png 792w\" sizes=\"auto, (max-width: 252px) 100vw, 252px\" \/><\/a><\/p>\n<p style=\"text-align: center;\"><a href=\"http:\/\/sites.univ-tln.fr\/afapa2018\/wp-content\/uploads\/sites\/20\/2018\/05\/Programme-d\u00e9finitif-22_05_2018.pdf\"><strong>Programme d\u00e9finitif<\/strong><\/a><\/p>\n<p>L\u2019<a href=\"http:\/\/www.univ-tln.fr\/\">Universit\u00e9 de Toulon<\/a>, l\u2019<a href=\"http:\/\/www.univ-tln.fr\/-UFR-STAPS-.html\">UFR STAPS<\/a> et deux de leurs laboratoires le <a href=\"http:\/\/unice.fr\/laboratoires\/lamhess\">LAMHESS<\/a> et l\u2019\u00e9quipe Impact de l\u2019Activit\u00e9 Physique sur la Sant\u00e9 sont heureux de vous accueillir du 23 au 25 mai 2018 pour les XIX<sup>es<\/sup> journ\u00e9es francophones en activit\u00e9s physiques adapt\u00e9es (APA).<\/p>\n<p>Ces journ\u00e9es biannuelles de l\u2019<a href=\"https:\/\/afapasite.wordpress.com\/\">Association Francophone pour l&rsquo;Activit\u00e9s Physiques Adapt\u00e9es<\/a> (AFAPA) sont l\u2019occasion depuis 1981 de riches \u00e9changes scientifiques sur la th\u00e9matique tr\u00e8s large des APA aux personnes en situation de handicap.<\/p>\n<p>Pour cette \u00e9dition 2018, les actes donneront lieu \u00e0 la publication d\u2019un num\u00e9ro hors-s\u00e9rie dans le journal \u00ab&nbsp;<a href=\"https:\/\/www.journals.elsevier.com\/science-and-sports\">Science &amp; Sport<\/a>&nbsp;\u00bb.<\/p>\n<p>Ces journ\u00e9es sont parrain\u00e9es par l\u2019<a href=\"https:\/\/www.acaps.asso.fr\/\">Association des Chercheurs en Activit\u00e9s Physiques et Sportives (ACAPS)<\/a> et la <a href=\"https:\/\/www.sfmes.org\/\">Soci\u00e9t\u00e9 Fran\u00e7aise de M\u00e9decine du Sport (SFMES)<\/a> qui remettront respectivement un prix pour la meilleure communication \u2018jeune chercheur(e)\u2019 et un prix de la meilleure communication \u00ab&nbsp;M\u00e9decine de l\u2019exercice et du sport&nbsp;\u00bb. La <a href=\"http:\/\/www.handisport.org\/\">F\u00e9d\u00e9ration Fran\u00e7aise Handisport (FFH)<\/a> remettra \u00e9galement un prix de la meilleure communication handisport.<\/p>\n<p>Nous sommes tr\u00e8s heureux, au nom du Comit\u00e9 d\u2019organisation et du Comit\u00e9 scientifique, de vous accueillir&nbsp;lors de cette XIXe \u00e9dition des journ\u00e9es scientifiques de l\u2019AFAPA \u00e0 Toulon.<\/p>\n<p>Tr\u00e8s cordialement,<\/p>\n<p><a href=\"mailto:faupin@univ-tln.fr\">Arnaud Faupin<\/a>, <a href=\"mailto:watelain@univ-tln.fr\">Eric Watelain<\/a> et <a href=\"mailto:gregory.lentin@univ-tln.fr\">Gregory Lentin<\/a>, co-organisateurs.<\/p>\n<p>Secr\u00e9tariat : <a href=\"mailto:afapa2018@univ-tln.fr\">afapa2018.univ-tln.fr<\/a><\/p>\n<p><iframe loading=\"lazy\" width=\"560\" height=\"315\" src=\"https:\/\/www.youtube.com\/embed\/ESnXxwqJBV4\" frameborder=\"0\" allow=\"autoplay; encrypted-media\" allowfullscreen><\/iframe><\/p>\n<p>&nbsp;<\/p>\n<p style=\"text-align: center;\"><a href=\"http:\/\/sites.univ-tln.fr\/afapa2018\/wp-content\/uploads\/sites\/20\/2017\/06\/Appel-\u00e0-communication-AFAPA-2018-1.pdf\">Appel \u00e0 communication AFAPA 2018<\/a><\/p>\n<hr>\n<p>Cr\u00e9e en 1997 l\u2019AFAPA, association \u00e0 but non lucratif, a pour vocation de&nbsp;:<\/p>\n<p style=\"text-align: center;\"><em>\u00ab&nbsp;D\u00e9velopper, promouvoir et d\u00e9fendre le champ de l\u2019activit\u00e9 physique adapt\u00e9e (APA), ses d\u00e9terminants et ses d\u00e9veloppements (promotion de la sant\u00e9 par l\u2019activit\u00e9 physique adapt\u00e9e en relation avec les secteurs d\u2019intervention, programmes et politiques publiques sur le sport et la sant\u00e9, int\u00e9gration sociale, r\u00e9duction des in\u00e9galit\u00e9s par l\u2019activit\u00e9 physique adapt\u00e9e) ; \u00e0 ce titre, elle favorise le d\u00e9veloppement et la diffusion des connaissances p\u00e9dagogiques, techniques, scientifiques et \u00e9thiques se rattachant \u00e0 l\u2019APA, elle organise des colloques ou congr\u00e8s en APA dont les journ\u00e9es francophones en APA, elle assure des mission d\u2019expertise relatives aux formations en APA-Sant\u00e9 et aux m\u00e9tiers aff\u00e9rents, elle a vocation \u00e0 \u00eatre un interlocuteur&nbsp;\u00bb<\/em><\/p>\n<p style=\"text-align: right;\">(JO du 27\/02\/2016, H\u00e9rault, N\u00b0 20160009, Annonce n\u00b0 742 &#8211; page 48).<\/p>\n<h3><strong>Historique des journ\u00e9es francophone en activit\u00e9s physiques adapt\u00e9es<\/strong><\/h3>\n<p>1981&nbsp;: I<sup>\u00e8re<\/sup> Grenoble (Y. Eberhard)<\/p>\n<p>1985&nbsp;: II<sup>\u00e8me<\/sup> Marseille (P. Therme)<\/p>\n<p>1989&nbsp;: III<sup>\u00e8me<\/sup> Lyon (A. Degoute &amp; Y. Eberhard)<\/p>\n<p>1990&nbsp;: IV<sup>\u00e8me<\/sup> Nancy (F. Courtine &amp; B. Robert)<\/p>\n<p>1991 : V<sup>\u00e8me<\/sup>&nbsp; Besan\u00e7on (Y. Demesmay &amp; M. Kreuzer)<\/p>\n<p>1994 : VI<sup>\u00e8me<\/sup> Grenoble (Y. Eberhard)<\/p>\n<p>1995&nbsp;: VII<sup>\u00e8me<\/sup> Lyon (M. Cl\u00e9ment &amp; M. Fodimbi)<\/p>\n<p>1996&nbsp;: VIII<sup>\u00e8me<\/sup> Torino (A. Bianco)<\/p>\n<p>1997&nbsp;: IX<sup>\u00e8me<\/sup> Poitiers (C. Caillaud &amp; MM Ramanantsoa)<\/p>\n<p><em>Cr\u00e9ation de l\u2019AFAPA<\/em><\/p>\n<p>1998&nbsp;: X<sup>\u00e8me<\/sup> Montpellier (J. Bilard &amp; A. Varray)<\/p>\n<p>2000 : XI<sup>\u00e8me<\/sup> Paris X-Nanterre (C. Boursier &amp; D. S\u00e9guillon)<\/p>\n<p>2002&nbsp;: XII<sup>\u00e8me<\/sup> Nice (P. Bernard &amp; C. Maiano)<\/p>\n<p>2006&nbsp;: XIII<sup>\u00e8me<\/sup> Lyon (M. Fodimbi)<\/p>\n<p>2008&nbsp;: XIV<sup>\u00e8me<\/sup> Cergy-Pontoise (G. Lecocq &amp; Y. Eberhard)<\/p>\n<p>2010&nbsp;: XV<sup>\u00e8me<\/sup> Orl\u00e9ans (N. Rebot)<\/p>\n<p>2012&nbsp;: XVI<sup>\u00e8me<\/sup> Orsay (P. Leconte)<\/p>\n<p>2014: XVII<sup>\u00e8me<\/sup> Besan\u00e7on (F. Mougin &amp; L. Isaco)<\/p>\n<p>2016: XVIII<sup>\u00e8me<\/sup> Amiens (S. Ahmaidi)<\/p>\n<p>2018: projet XIX<sup>\u00e8me<\/sup> Toulon (Eric Watelain, Arnaud Faupin, Gr\u00e9gory Lentin)<\/p>\n","protected":false},"excerpt":{"rendered":"<p>Attention, il n&rsquo;y a que 100 places pour le repas de Gala (100 premiers inscrits&#8230;) Programme d\u00e9finitif L\u2019Universit\u00e9 de Toulon, l\u2019UFR STAPS et deux de leurs laboratoires le LAMHESS et l\u2019\u00e9quipe Impact de l\u2019Activit\u00e9 Physique sur la Sant\u00e9 sont heureux de vous accueillir du 23 au 25 mai 2018 pour les XIXes journ\u00e9es francophones en [&hellip;]<\/p>\n","protected":false},"author":1,"featured_media":0,"parent":0,"menu_order":0,"comment_status":"closed","ping_status":"closed","template":"","meta":{"ngg_post_thumbnail":0,"footnotes":""},"class_list":["post-21","page","type-page","status-publish","hentry"],"_links":{"self":[{"href":"https:\/\/sites.univ-tln.fr\/afapa2018\/wp-json\/wp\/v2\/pages\/21","targetHints":{"allow":["GET"]}}],"collection":[{"href":"https:\/\/sites.univ-tln.fr\/afapa2018\/wp-json\/wp\/v2\/pages"}],"about":[{"href":"https:\/\/sites.univ-tln.fr\/afapa2018\/wp-json\/wp\/v2\/types\/page"}],"author":[{"embeddable":true,"href":"https:\/\/sites.univ-tln.fr\/afapa2018\/wp-json\/wp\/v2\/users\/1"}],"replies":[{"embeddable":true,"href":"https:\/\/sites.univ-tln.fr\/afapa2018\/wp-json\/wp\/v2\/comments?post=21"}],"version-history":[{"count":24,"href":"https:\/\/sites.univ-tln.fr\/afapa2018\/wp-json\/wp\/v2\/pages\/21\/revisions"}],"predecessor-version":[{"id":330,"href":"https:\/\/sites.univ-tln.fr\/afapa2018\/wp-json\/wp\/v2\/pages\/21\/revisions\/330"}],"wp:attachment":[{"href":"https:\/\/sites.univ-tln.fr\/afapa2018\/wp-json\/wp\/v2\/media?parent=21"}],"curies":[{"name":"wp","href":"https:\/\/api.w.org\/{rel}","templated":true}]}}